{"id":3215,"date":"2025-09-04T16:06:36","date_gmt":"2025-09-04T21:06:36","guid":{"rendered":"https:\/\/elcontainermed.com\/?post_type=product&#038;p=3215"},"modified":"2025-09-04T20:53:28","modified_gmt":"2025-09-05T01:53:28","slug":"invictus-victory","status":"publish","type":"product","link":"https:\/\/elcontainermed.com\/index.php\/producto\/invictus-victory\/","title":{"rendered":"Invictus Victory"},"content":{"rendered":"<p><strong>Invictus Victory \u2013 Paco Rabanne<\/strong><\/p>\n<p>\ud83d\udce6 <strong>Presentaci\u00f3n<\/strong>: 100 ml<\/p>\n<p>\ud83d\udca7 <strong>Concentraci\u00f3n<\/strong>: Eau de Parfum<\/p>\n<p>\ud83c\udf38 <strong>Notas de salida:<\/strong> Lim\u00f3n (lima \u00e1cida), pimienta rosa<\/p>\n<p>\ud83d\udc96 <strong>Notas de coraz\u00f3n:<\/strong> Incienso (franquincienso) &amp; lavanda<\/p>\n<p>\ud83c\udf3f <strong>Notas de fondo:<\/strong> Vainilla, haba tonka &amp; \u00e1mbar<\/p>\n<p>Una fragancia c\u00e1lida y seductora que inicia con un frescor c\u00edtrico picante, evoluciona hacia un coraz\u00f3n resinous y delicado de lavanda, y culmina en una base dulce, cremosa y amaderada. Poderosa y envolvente, proyecta confianza con sofisticaci\u00f3n .<\/p>\n","protected":false},"excerpt":{"rendered":"<p>Una victoria olfativa: c\u00edtricos vibrantes que se sumergen en un coraz\u00f3n resinoso para posarse en una base de vainilla cremosa y \u00e1mbar envolvente.<\/p>\n","protected":false},"featured_media":3217,"comment_status":"open","ping_status":"closed","template":"","meta":{"_joinchat":[]},"product_brand":[77],"product_cat":[16],"product_tag":[],"class_list":{"0":"post-3215","1":"product","2":"type-product","3":"status-publish","4":"has-post-thumbnail","6":"product_brand-paco-rabanne","7":"product_cat-hombre","8":"entry","9":"has-media","11":"first","12":"instock","13":"shipping-taxable","14":"purchasable","15":"product-type-simple","16":"col","17":"span_1_of_3","18":"wvn-content-left","19":"wvn-thumbs-layout-horizontal","20":"wvn-btn-normal","21":"wvn-tabs-layout-horizontal","22":"has-no-thumbnails","23":"circle-sale"},"_links":{"self":[{"href":"https:\/\/elcontainermed.com\/index.php\/wp-json\/wp\/v2\/product\/3215","targetHints":{"allow":["GET"]}}],"collection":[{"href":"https:\/\/elcontainermed.com\/index.php\/wp-json\/wp\/v2\/product"}],"about":[{"href":"https:\/\/elcontainermed.com\/index.php\/wp-json\/wp\/v2\/types\/product"}],"replies":[{"embeddable":true,"href":"https:\/\/elcontainermed.com\/index.php\/wp-json\/wp\/v2\/comments?post=3215"}],"wp:featuredmedia":[{"embeddable":true,"href":"https:\/\/elcontainermed.com\/index.php\/wp-json\/wp\/v2\/media\/3217"}],"wp:attachment":[{"href":"https:\/\/elcontainermed.com\/index.php\/wp-json\/wp\/v2\/media?parent=3215"}],"wp:term":[{"taxonomy":"product_brand","embeddable":true,"href":"https:\/\/elcontainermed.com\/index.php\/wp-json\/wp\/v2\/product_brand?post=3215"},{"taxonomy":"product_cat","embeddable":true,"href":"https:\/\/elcontainermed.com\/index.php\/wp-json\/wp\/v2\/product_cat?post=3215"},{"taxonomy":"product_tag","embeddable":true,"href":"https:\/\/elcontainermed.com\/index.php\/wp-json\/wp\/v2\/product_tag?post=3215"}],"curies":[{"name":"wp","href":"https:\/\/api.w.org\/{rel}","templated":true}]}}