{"id":3227,"date":"2025-09-04T21:31:20","date_gmt":"2025-09-05T02:31:20","guid":{"rendered":"https:\/\/elcontainermed.com\/?post_type=product&#038;p=3227"},"modified":"2025-09-04T21:33:07","modified_gmt":"2025-09-05T02:33:07","slug":"the-one-fem","status":"publish","type":"product","link":"https:\/\/elcontainermed.com\/index.php\/producto\/the-one-fem\/","title":{"rendered":"The One Fem"},"content":{"rendered":"<p><strong>The One \u2013 Dolce &amp; Gabbana<\/strong><\/p>\n<p>\ud83d\udce6 <strong>Presentaci\u00f3n:<\/strong> 75 ml<br \/>\n\ud83d\udca7 <strong>Concentraci\u00f3n:<\/strong> Eau de Parfum<\/p>\n<p>\ud83c\udf38 <strong>Notas de salida:<\/strong> Melocot\u00f3n (durazno), lichi, mandarina, bergamota<br \/>\n\ud83d\udc96 <strong>Notas de coraz\u00f3n:<\/strong> Azucena (madonna lily), ciruela, jazm\u00edn, lirio de los valles (muguete)<br \/>\n\ud83c\udf3f <strong>Notas de fondo:<\/strong> Vainilla , \u00e1mbar, almizcle, vetiver<\/p>\n<p>Una fragancia ic\u00f3nica que combina un comienzo afrutado y luminoso con un coraz\u00f3n floral elegante, y culmina en una base c\u00e1lida, dulce y sofisticada. Representa sensualidad refinada y feminidad elegante.<\/p>\n","protected":false},"excerpt":{"rendered":"<p>Un ic\u00f3nico floral oriental donde la dulzura del durazno y la lichi se funde con flores elegantes y una base c\u00e1lida de vainilla y \u00e1mbar, ideal para mujeres sofisticadas que dejan huella.<\/p>\n","protected":false},"featured_media":3226,"comment_status":"open","ping_status":"closed","template":"","meta":{"_joinchat":[]},"product_brand":[94],"product_cat":[17],"product_tag":[],"class_list":{"0":"post-3227","1":"product","2":"type-product","3":"status-publish","4":"has-post-thumbnail","6":"product_brand-dolce-gabbana","7":"product_cat-mujer","8":"entry","9":"has-media","11":"first","12":"instock","13":"shipping-taxable","14":"purchasable","15":"product-type-simple","16":"col","17":"span_1_of_3","18":"wvn-content-left","19":"wvn-thumbs-layout-horizontal","20":"wvn-btn-normal","21":"wvn-tabs-layout-horizontal","22":"has-no-thumbnails","23":"circle-sale"},"_links":{"self":[{"href":"https:\/\/elcontainermed.com\/index.php\/wp-json\/wp\/v2\/product\/3227","targetHints":{"allow":["GET"]}}],"collection":[{"href":"https:\/\/elcontainermed.com\/index.php\/wp-json\/wp\/v2\/product"}],"about":[{"href":"https:\/\/elcontainermed.com\/index.php\/wp-json\/wp\/v2\/types\/product"}],"replies":[{"embeddable":true,"href":"https:\/\/elcontainermed.com\/index.php\/wp-json\/wp\/v2\/comments?post=3227"}],"wp:featuredmedia":[{"embeddable":true,"href":"https:\/\/elcontainermed.com\/index.php\/wp-json\/wp\/v2\/media\/3226"}],"wp:attachment":[{"href":"https:\/\/elcontainermed.com\/index.php\/wp-json\/wp\/v2\/media?parent=3227"}],"wp:term":[{"taxonomy":"product_brand","embeddable":true,"href":"https:\/\/elcontainermed.com\/index.php\/wp-json\/wp\/v2\/product_brand?post=3227"},{"taxonomy":"product_cat","embeddable":true,"href":"https:\/\/elcontainermed.com\/index.php\/wp-json\/wp\/v2\/product_cat?post=3227"},{"taxonomy":"product_tag","embeddable":true,"href":"https:\/\/elcontainermed.com\/index.php\/wp-json\/wp\/v2\/product_tag?post=3227"}],"curies":[{"name":"wp","href":"https:\/\/api.w.org\/{rel}","templated":true}]}}