{"id":3231,"date":"2025-09-04T21:53:07","date_gmt":"2025-09-05T02:53:07","guid":{"rendered":"https:\/\/elcontainermed.com\/?post_type=product&#038;p=3231"},"modified":"2025-12-07T13:16:21","modified_gmt":"2025-12-07T18:16:21","slug":"odyssey-homme","status":"publish","type":"product","link":"https:\/\/elcontainermed.com\/index.php\/producto\/odyssey-homme\/","title":{"rendered":"Odyssey Homme"},"content":{"rendered":"<p><strong>Odyssey Homme \u2013 Armaf<\/strong><\/p>\n<p>\ud83d\udce6 <strong>Presentaci\u00f3n:<\/strong> 100 ml<br \/>\n\ud83d\udca7 <strong>Concentraci\u00f3n:<\/strong> Eau de Parfum<\/p>\n<p>\ud83c\udf38 <strong>Notas de salida:<\/strong> Vainilla, \u00e1mbar<\/p>\n<p>\ud83d\udc96 <strong>Notas de coraz\u00f3n:<\/strong> Iris, especias orientales<\/p>\n<p>\ud83c\udf3f <strong>Notas de Fondo:<\/strong> Vainilla, cuero, jazm\u00edn<\/p>\n<p>Una fragancia envolvente y c\u00e1lida, donde la dulce vainilla crea una apertura acogedora que evoluciona hacia un coraz\u00f3n especiado y floral, para asentarse en un final elegante de cuero y jazm\u00edn. L\u00ednea gourmande con car\u00e1cter oriental.<\/p>\n","protected":false},"excerpt":{"rendered":"<p>Una fusi\u00f3n c\u00e1lida y envolvente: vainilla oriental y cuero noble que despiertan sofisticaci\u00f3n y magnetismo en cada nota.<\/p>\n","protected":false},"featured_media":3230,"comment_status":"open","ping_status":"closed","template":"","meta":{"_joinchat":[]},"product_brand":[84],"product_cat":[16],"product_tag":[],"class_list":{"0":"post-3231","1":"product","2":"type-product","3":"status-publish","4":"has-post-thumbnail","6":"product_brand-armaf","7":"product_cat-hombre","8":"entry","9":"has-media","11":"first","12":"instock","13":"sale","14":"shipping-taxable","15":"purchasable","16":"product-type-simple","17":"col","18":"span_1_of_3","19":"wvn-content-left","20":"wvn-thumbs-layout-horizontal","21":"wvn-btn-normal","22":"wvn-tabs-layout-horizontal","23":"has-no-thumbnails","24":"circle-sale"},"_links":{"self":[{"href":"https:\/\/elcontainermed.com\/index.php\/wp-json\/wp\/v2\/product\/3231","targetHints":{"allow":["GET"]}}],"collection":[{"href":"https:\/\/elcontainermed.com\/index.php\/wp-json\/wp\/v2\/product"}],"about":[{"href":"https:\/\/elcontainermed.com\/index.php\/wp-json\/wp\/v2\/types\/product"}],"replies":[{"embeddable":true,"href":"https:\/\/elcontainermed.com\/index.php\/wp-json\/wp\/v2\/comments?post=3231"}],"wp:featuredmedia":[{"embeddable":true,"href":"https:\/\/elcontainermed.com\/index.php\/wp-json\/wp\/v2\/media\/3230"}],"wp:attachment":[{"href":"https:\/\/elcontainermed.com\/index.php\/wp-json\/wp\/v2\/media?parent=3231"}],"wp:term":[{"taxonomy":"product_brand","embeddable":true,"href":"https:\/\/elcontainermed.com\/index.php\/wp-json\/wp\/v2\/product_brand?post=3231"},{"taxonomy":"product_cat","embeddable":true,"href":"https:\/\/elcontainermed.com\/index.php\/wp-json\/wp\/v2\/product_cat?post=3231"},{"taxonomy":"product_tag","embeddable":true,"href":"https:\/\/elcontainermed.com\/index.php\/wp-json\/wp\/v2\/product_tag?post=3231"}],"curies":[{"name":"wp","href":"https:\/\/api.w.org\/{rel}","templated":true}]}}