{"id":3250,"date":"2025-09-05T11:03:20","date_gmt":"2025-09-05T16:03:20","guid":{"rendered":"https:\/\/elcontainermed.com\/?post_type=product&#038;p=3250"},"modified":"2026-04-13T15:50:49","modified_gmt":"2026-04-13T20:50:49","slug":"ultra-male","status":"publish","type":"product","link":"https:\/\/elcontainermed.com\/index.php\/producto\/ultra-male\/","title":{"rendered":"Ultra Male"},"content":{"rendered":"<p><strong>Ultra Male \u2013 Jean Paul Gaultier<\/strong><\/p>\n<p>\ud83d\udce6 <strong>Presentaci\u00f3n:<\/strong> 100 ml<br \/>\n\ud83d\udca7 <strong>Concentraci\u00f3n:<\/strong> Eau de Toilette Intense<\/p>\n<p>\ud83c\udf38 <strong>Notas de salida:<\/strong> Pera, lavanda, menta, bergamota, lim\u00f3n<br \/>\n\ud83d\udc96 <strong>Notas de coraz\u00f3n:<\/strong> Canela, salvia esclarea, alcaravea<br \/>\n\ud83c\udf3f <strong>Notas de fondo:<\/strong> Vainilla negra, \u00e1mbar, pachul\u00ed, cedro<\/p>\n<p>Una reinterpretaci\u00f3n amplificada del ic\u00f3nico Le Male, donde se une un inicio frutal y arom\u00e1tico con un coraz\u00f3n especiado para culminar en una base c\u00e1lida y cremosa. Ideal para quienes buscan un aroma seductor, vibrante y con gran presencia.<\/p>\n","protected":false},"excerpt":{"rendered":"<p>Una mezcla provocadora de pera especiada que evoluciona hacia vainilla oscura y maderas ricas, ideal para dejar una huella inolvidable.<\/p>\n","protected":false},"featured_media":3251,"comment_status":"open","ping_status":"closed","template":"","meta":{"_joinchat":[]},"product_brand":[96],"product_cat":[16],"product_tag":[],"class_list":{"0":"post-3250","1":"product","2":"type-product","3":"status-publish","4":"has-post-thumbnail","6":"product_brand-jean-paul-gaultier","7":"product_cat-hombre","8":"entry","9":"has-media","11":"first","12":"instock","13":"shipping-taxable","14":"purchasable","15":"product-type-simple","16":"col","17":"span_1_of_3","18":"wvn-content-left","19":"wvn-thumbs-layout-horizontal","20":"wvn-btn-normal","21":"wvn-tabs-layout-horizontal","22":"has-no-thumbnails","23":"circle-sale"},"_links":{"self":[{"href":"https:\/\/elcontainermed.com\/index.php\/wp-json\/wp\/v2\/product\/3250","targetHints":{"allow":["GET"]}}],"collection":[{"href":"https:\/\/elcontainermed.com\/index.php\/wp-json\/wp\/v2\/product"}],"about":[{"href":"https:\/\/elcontainermed.com\/index.php\/wp-json\/wp\/v2\/types\/product"}],"replies":[{"embeddable":true,"href":"https:\/\/elcontainermed.com\/index.php\/wp-json\/wp\/v2\/comments?post=3250"}],"wp:featuredmedia":[{"embeddable":true,"href":"https:\/\/elcontainermed.com\/index.php\/wp-json\/wp\/v2\/media\/3251"}],"wp:attachment":[{"href":"https:\/\/elcontainermed.com\/index.php\/wp-json\/wp\/v2\/media?parent=3250"}],"wp:term":[{"taxonomy":"product_brand","embeddable":true,"href":"https:\/\/elcontainermed.com\/index.php\/wp-json\/wp\/v2\/product_brand?post=3250"},{"taxonomy":"product_cat","embeddable":true,"href":"https:\/\/elcontainermed.com\/index.php\/wp-json\/wp\/v2\/product_cat?post=3250"},{"taxonomy":"product_tag","embeddable":true,"href":"https:\/\/elcontainermed.com\/index.php\/wp-json\/wp\/v2\/product_tag?post=3250"}],"curies":[{"name":"wp","href":"https:\/\/api.w.org\/{rel}","templated":true}]}}