{"id":353,"date":"2025-07-25T11:17:28","date_gmt":"2025-07-25T16:17:28","guid":{"rendered":"http:\/\/localhost\/elcontainer\/?post_type=product&#038;p=353"},"modified":"2025-08-29T12:59:51","modified_gmt":"2025-08-29T17:59:51","slug":"heiress-paris-hilton","status":"publish","type":"product","link":"https:\/\/elcontainermed.com\/index.php\/producto\/heiress-paris-hilton\/","title":{"rendered":"Heiress Paris Hilton"},"content":{"rendered":"<p><strong>Heiress \u2013 Paris Hilton<\/strong><\/p>\n<p>\ud83d\udce6 <strong>Presentaci\u00f3n<\/strong>: 100 ml<\/p>\n<p>\ud83d\udca7 <strong>Concentraci\u00f3n<\/strong>: Eau de Parfum \u2013 Floral Frutal<\/p>\n<p>\ud83c\udf38 <strong>Notas de salida:<\/strong> Champa\u00f1a, maracuy\u00e1 (fruta de la pasi\u00f3n), durazno (melocot\u00f3n), mimosa, naranja<\/p>\n<p>\ud83d\udc96 <strong>Notas de coraz\u00f3n:<\/strong> Granadina, madreselva, jazm\u00edn de estrella, ylang-ylang, flor de tiar\u00e9<\/p>\n<p>\ud83c\udf3f <strong>Notas de fondo:<\/strong> Haba tonka, hojas de violeta, maderas blancas<\/p>\n<p>Inicia con una apertura chispeante y festiva de champa\u00f1a y frutas tropicales, transita hacia un coraz\u00f3n floral sensual y dulce, y se desliza en una base suave, almizclada y ligeramente c\u00e1lida.<\/p>\n","protected":false},"excerpt":{"rendered":"<p>Brillo festejado con frutas ex\u00f3ticas que cede a una serenidad floral sobre un abrazo amaderado y suave.<\/p>\n","protected":false},"featured_media":395,"comment_status":"open","ping_status":"closed","template":"","meta":{"_joinchat":[]},"product_brand":[81],"product_cat":[17],"product_tag":[],"class_list":{"0":"post-353","1":"product","2":"type-product","3":"status-publish","4":"has-post-thumbnail","6":"product_brand-paris-hilton","7":"product_cat-mujer","8":"entry","9":"has-media","11":"first","12":"instock","13":"shipping-taxable","14":"purchasable","15":"product-type-simple","16":"col","17":"span_1_of_3","18":"wvn-content-left","19":"wvn-thumbs-layout-horizontal","20":"wvn-btn-normal","21":"wvn-tabs-layout-horizontal","22":"has-no-thumbnails","23":"circle-sale"},"_links":{"self":[{"href":"https:\/\/elcontainermed.com\/index.php\/wp-json\/wp\/v2\/product\/353","targetHints":{"allow":["GET"]}}],"collection":[{"href":"https:\/\/elcontainermed.com\/index.php\/wp-json\/wp\/v2\/product"}],"about":[{"href":"https:\/\/elcontainermed.com\/index.php\/wp-json\/wp\/v2\/types\/product"}],"replies":[{"embeddable":true,"href":"https:\/\/elcontainermed.com\/index.php\/wp-json\/wp\/v2\/comments?post=353"}],"wp:featuredmedia":[{"embeddable":true,"href":"https:\/\/elcontainermed.com\/index.php\/wp-json\/wp\/v2\/media\/395"}],"wp:attachment":[{"href":"https:\/\/elcontainermed.com\/index.php\/wp-json\/wp\/v2\/media?parent=353"}],"wp:term":[{"taxonomy":"product_brand","embeddable":true,"href":"https:\/\/elcontainermed.com\/index.php\/wp-json\/wp\/v2\/product_brand?post=353"},{"taxonomy":"product_cat","embeddable":true,"href":"https:\/\/elcontainermed.com\/index.php\/wp-json\/wp\/v2\/product_cat?post=353"},{"taxonomy":"product_tag","embeddable":true,"href":"https:\/\/elcontainermed.com\/index.php\/wp-json\/wp\/v2\/product_tag?post=353"}],"curies":[{"name":"wp","href":"https:\/\/api.w.org\/{rel}","templated":true}]}}