{"id":355,"date":"2025-07-25T11:17:28","date_gmt":"2025-07-25T16:17:28","guid":{"rendered":"http:\/\/localhost\/elcontainer\/?post_type=product&#038;p=355"},"modified":"2026-04-13T15:48:29","modified_gmt":"2026-04-13T20:48:29","slug":"212-sexy-dama","status":"publish","type":"product","link":"https:\/\/elcontainermed.com\/index.php\/producto\/212-sexy-dama\/","title":{"rendered":"212 Sexy Fem"},"content":{"rendered":"<p><strong>212 Sexy \u2013 Carolina Herrera<\/strong><\/p>\n<p>\ud83d\udce6 <strong>Presentaci\u00f3n<\/strong>: 100 ml<\/p>\n<p>\ud83d\udca7 <strong>Concentraci\u00f3n<\/strong>: Eau de Parfum<\/p>\n<p>\ud83c\udf38 <strong>Notas de salida:<\/strong> Pimienta rosa, bergamota y mandarina<\/p>\n<p>\ud83d\udc96 <strong>Notas de coraz\u00f3n:<\/strong> Gardenia, geranio, flores blancas y caramelo algodonado<\/p>\n<p>\ud83c\udf3f <strong>Notas de fondo:<\/strong> Vainilla, almizcle, s\u00e1ndalo, caramelo, violeta y pachul\u00ed<\/p>\n<p>Una fragancia embriagadora y sofisticada: arranca con una chispa c\u00e1lida de pimienta rosa y c\u00edtricos, luego se despliega un coraz\u00f3n floral dulce con un suave toque gourmand, finalizando en una base cremosa, sensual y profundamente femenina.<\/p>\n","protected":false},"excerpt":{"rendered":"<p>Irresistiblemente seductora: gourmand floral con chispa moderna, c\u00e1lida y encantadora.<\/p>\n","protected":false},"featured_media":397,"comment_status":"open","ping_status":"closed","template":"","meta":{"_joinchat":[]},"product_brand":[67],"product_cat":[17],"product_tag":[],"class_list":{"0":"post-355","1":"product","2":"type-product","3":"status-publish","4":"has-post-thumbnail","6":"product_brand-carolina-herrera","7":"product_cat-mujer","8":"entry","9":"has-media","11":"first","12":"instock","13":"shipping-taxable","14":"purchasable","15":"product-type-simple","16":"col","17":"span_1_of_3","18":"wvn-content-left","19":"wvn-thumbs-layout-horizontal","20":"wvn-btn-normal","21":"wvn-tabs-layout-horizontal","22":"has-no-thumbnails","23":"circle-sale"},"_links":{"self":[{"href":"https:\/\/elcontainermed.com\/index.php\/wp-json\/wp\/v2\/product\/355","targetHints":{"allow":["GET"]}}],"collection":[{"href":"https:\/\/elcontainermed.com\/index.php\/wp-json\/wp\/v2\/product"}],"about":[{"href":"https:\/\/elcontainermed.com\/index.php\/wp-json\/wp\/v2\/types\/product"}],"replies":[{"embeddable":true,"href":"https:\/\/elcontainermed.com\/index.php\/wp-json\/wp\/v2\/comments?post=355"}],"wp:featuredmedia":[{"embeddable":true,"href":"https:\/\/elcontainermed.com\/index.php\/wp-json\/wp\/v2\/media\/397"}],"wp:attachment":[{"href":"https:\/\/elcontainermed.com\/index.php\/wp-json\/wp\/v2\/media?parent=355"}],"wp:term":[{"taxonomy":"product_brand","embeddable":true,"href":"https:\/\/elcontainermed.com\/index.php\/wp-json\/wp\/v2\/product_brand?post=355"},{"taxonomy":"product_cat","embeddable":true,"href":"https:\/\/elcontainermed.com\/index.php\/wp-json\/wp\/v2\/product_cat?post=355"},{"taxonomy":"product_tag","embeddable":true,"href":"https:\/\/elcontainermed.com\/index.php\/wp-json\/wp\/v2\/product_tag?post=355"}],"curies":[{"name":"wp","href":"https:\/\/api.w.org\/{rel}","templated":true}]}}