{"id":359,"date":"2025-07-25T11:17:29","date_gmt":"2025-07-25T16:17:29","guid":{"rendered":"http:\/\/localhost\/elcontainer\/?post_type=product&#038;p=359"},"modified":"2025-08-30T22:07:54","modified_gmt":"2025-08-31T03:07:54","slug":"ckin2u-dama","status":"publish","type":"product","link":"https:\/\/elcontainermed.com\/index.php\/producto\/ckin2u-dama\/","title":{"rendered":"CK IN2U Fem"},"content":{"rendered":"<p><strong>CK IN2U for Her \u2013 Calvin Klein<\/strong><\/p>\n<p>\ud83d\udce6 <strong>Presentaci\u00f3n<\/strong>: 100 ml<\/p>\n<p>\ud83d\udca7 <strong>Concentraci\u00f3n<\/strong>: Eau de Toilette<\/p>\n<p>\ud83c\udf38 <strong>Notas de salida:<\/strong> Pomelo rosa, bergamota de Sicilia, hojas de grosella roja<\/p>\n<p>\ud83d\udc96 <strong>Notas de coraz\u00f3n:<\/strong> Orqu\u00eddea azucarada, cactus blanco<\/p>\n<p>\ud83c\udf3f <strong>Notas de fondo:<\/strong> Vainilla, cedro rojo japon\u00e9s, \u00e1mbar<\/p>\n<p>Una fragancia fresca y moderna que inicia con un estallido c\u00edtrico y jugoso, se vuelve m\u00e1s intrigante con su coraz\u00f3n floral y ex\u00f3tico, y se asienta en una base c\u00e1lida y levemente sensual gracias a la vainilla y el cedro.<\/p>\n","protected":false},"excerpt":{"rendered":"<p>Ligera y espont\u00e1nea, con chispa c\u00edtrica y un fondo c\u00e1lido que irradia frescura urbana.<\/p>\n","protected":false},"featured_media":401,"comment_status":"open","ping_status":"closed","template":"","meta":{"_joinchat":[]},"product_brand":[82],"product_cat":[17],"product_tag":[],"class_list":{"0":"post-359","1":"product","2":"type-product","3":"status-publish","4":"has-post-thumbnail","6":"product_brand-calvin-klein","7":"product_cat-mujer","8":"entry","9":"has-media","11":"first","12":"instock","13":"shipping-taxable","14":"purchasable","15":"product-type-simple","16":"col","17":"span_1_of_3","18":"wvn-content-left","19":"wvn-thumbs-layout-horizontal","20":"wvn-btn-normal","21":"wvn-tabs-layout-horizontal","22":"has-no-thumbnails","23":"circle-sale"},"_links":{"self":[{"href":"https:\/\/elcontainermed.com\/index.php\/wp-json\/wp\/v2\/product\/359","targetHints":{"allow":["GET"]}}],"collection":[{"href":"https:\/\/elcontainermed.com\/index.php\/wp-json\/wp\/v2\/product"}],"about":[{"href":"https:\/\/elcontainermed.com\/index.php\/wp-json\/wp\/v2\/types\/product"}],"replies":[{"embeddable":true,"href":"https:\/\/elcontainermed.com\/index.php\/wp-json\/wp\/v2\/comments?post=359"}],"wp:featuredmedia":[{"embeddable":true,"href":"https:\/\/elcontainermed.com\/index.php\/wp-json\/wp\/v2\/media\/401"}],"wp:attachment":[{"href":"https:\/\/elcontainermed.com\/index.php\/wp-json\/wp\/v2\/media?parent=359"}],"wp:term":[{"taxonomy":"product_brand","embeddable":true,"href":"https:\/\/elcontainermed.com\/index.php\/wp-json\/wp\/v2\/product_brand?post=359"},{"taxonomy":"product_cat","embeddable":true,"href":"https:\/\/elcontainermed.com\/index.php\/wp-json\/wp\/v2\/product_cat?post=359"},{"taxonomy":"product_tag","embeddable":true,"href":"https:\/\/elcontainermed.com\/index.php\/wp-json\/wp\/v2\/product_tag?post=359"}],"curies":[{"name":"wp","href":"https:\/\/api.w.org\/{rel}","templated":true}]}}