{"id":361,"date":"2025-07-25T11:17:29","date_gmt":"2025-07-25T16:17:29","guid":{"rendered":"http:\/\/localhost\/elcontainer\/?post_type=product&#038;p=361"},"modified":"2025-08-28T23:45:46","modified_gmt":"2025-08-29T04:45:46","slug":"ch-good-girl","status":"publish","type":"product","link":"https:\/\/elcontainermed.com\/index.php\/producto\/ch-good-girl\/","title":{"rendered":"CH Good Girl"},"content":{"rendered":"<p><strong>Good Girl \u2013 Carolina Herrera<\/strong><\/p>\n<p>\ud83d\udce6 <strong>Presentaci\u00f3n<\/strong>: 80 ml<\/p>\n<p>\ud83d\udca7 <strong>Concentraci\u00f3n<\/strong>: Eau de Parfum<\/p>\n<p>\ud83c\udf38 <strong>Notas de salida:<\/strong> Almendra, caf\u00e9, bergamota, lim\u00f3n<\/p>\n<p>\ud83d\udc96 <strong>Notas de coraz\u00f3n:<\/strong> Jazm\u00edn sambac, tuberosa, azahar, rosa b\u00falgara, pralin\u00e9<\/p>\n<p>\ud83c\udf3f <strong>Notas de fondo:<\/strong> Tonka bean, cacao, vainilla, s\u00e1ndalo, \u00e1mbar, patchouli, musk, cashmere wood, canela, cedro<\/p>\n<p>Un viaje olfativo que fusiona luz y oscuridad: arranca con una chispa dulce y tostada de almendra y caf\u00e9, evoluciona en un coraz\u00f3n floral exuberante y cremoso, y culmina en una base c\u00e1lida y seductora con toques gourmands de tonka, cacao y vainilla. Este contraste simboliza la dualidad femenina: delicada y atrevida a la vez.<\/p>\n","protected":false},"excerpt":{"rendered":"<p>Un inesperado juego de contrastes: dulzura crepitante y flores blancas suavizadas por una base rica y embriagadora.<\/p>\n","protected":false},"featured_media":403,"comment_status":"open","ping_status":"closed","template":"","meta":{"_joinchat":[]},"product_brand":[67],"product_cat":[17],"product_tag":[],"class_list":{"0":"post-361","1":"product","2":"type-product","3":"status-publish","4":"has-post-thumbnail","6":"product_brand-carolina-herrera","7":"product_cat-mujer","8":"entry","9":"has-media","11":"first","12":"instock","13":"shipping-taxable","14":"purchasable","15":"product-type-simple","16":"col","17":"span_1_of_3","18":"wvn-content-left","19":"wvn-thumbs-layout-horizontal","20":"wvn-btn-normal","21":"wvn-tabs-layout-horizontal","22":"has-no-thumbnails","23":"circle-sale"},"_links":{"self":[{"href":"https:\/\/elcontainermed.com\/index.php\/wp-json\/wp\/v2\/product\/361","targetHints":{"allow":["GET"]}}],"collection":[{"href":"https:\/\/elcontainermed.com\/index.php\/wp-json\/wp\/v2\/product"}],"about":[{"href":"https:\/\/elcontainermed.com\/index.php\/wp-json\/wp\/v2\/types\/product"}],"replies":[{"embeddable":true,"href":"https:\/\/elcontainermed.com\/index.php\/wp-json\/wp\/v2\/comments?post=361"}],"wp:featuredmedia":[{"embeddable":true,"href":"https:\/\/elcontainermed.com\/index.php\/wp-json\/wp\/v2\/media\/403"}],"wp:attachment":[{"href":"https:\/\/elcontainermed.com\/index.php\/wp-json\/wp\/v2\/media?parent=361"}],"wp:term":[{"taxonomy":"product_brand","embeddable":true,"href":"https:\/\/elcontainermed.com\/index.php\/wp-json\/wp\/v2\/product_brand?post=361"},{"taxonomy":"product_cat","embeddable":true,"href":"https:\/\/elcontainermed.com\/index.php\/wp-json\/wp\/v2\/product_cat?post=361"},{"taxonomy":"product_tag","embeddable":true,"href":"https:\/\/elcontainermed.com\/index.php\/wp-json\/wp\/v2\/product_tag?post=361"}],"curies":[{"name":"wp","href":"https:\/\/api.w.org\/{rel}","templated":true}]}}