{"id":365,"date":"2025-07-25T11:17:29","date_gmt":"2025-07-25T16:17:29","guid":{"rendered":"http:\/\/localhost\/elcontainer\/?post_type=product&#038;p=365"},"modified":"2025-08-30T17:18:09","modified_gmt":"2025-08-30T22:18:09","slug":"212-vip-red","status":"publish","type":"product","link":"https:\/\/elcontainermed.com\/index.php\/producto\/212-vip-red\/","title":{"rendered":"212 VIP Red"},"content":{"rendered":"<p><strong>212 VIP Red Men \u2013 Carolina Herrera<\/strong><\/p>\n<p>\ud83d\udce6 <strong>Presentaci\u00f3n<\/strong>: 100 ml<\/p>\n<p>\ud83d\udca7 <strong>Concentraci\u00f3n<\/strong>: Eau de Parfum<\/p>\n<p>\ud83c\udf38 Notas de salida: Semillas de chile, jengibre<\/p>\n<p>\ud83d\udc96 Notas de coraz\u00f3n: Absenta, cardamomo<\/p>\n<p>\ud83c\udf3f Notas de fondo: Madera de gaiac, cuero<\/p>\n<p>Una fragancia intensa y magn\u00e9tica que despierta con la energ\u00eda picante del chile y el jengibre, evoluciona hacia un coraz\u00f3n intrigante y verde de absenta especiada, y culmina en una base caliente y sofisticada de cuero y maderas nobles.<\/p>\n","protected":false},"excerpt":{"rendered":"<p>Fuego especiado que se funde en misterio: picante y verde que revela un fondo c\u00e1lido de cuero y madera.<\/p>\n","protected":false},"featured_media":2924,"comment_status":"open","ping_status":"closed","template":"","meta":{"_joinchat":[]},"product_brand":[67],"product_cat":[16],"product_tag":[],"class_list":{"0":"post-365","1":"product","2":"type-product","3":"status-publish","4":"has-post-thumbnail","6":"product_brand-carolina-herrera","7":"product_cat-hombre","8":"entry","9":"has-media","11":"first","12":"instock","13":"shipping-taxable","14":"purchasable","15":"product-type-simple","16":"col","17":"span_1_of_3","18":"wvn-content-left","19":"wvn-thumbs-layout-horizontal","20":"wvn-btn-normal","21":"wvn-tabs-layout-horizontal","22":"has-no-thumbnails","23":"circle-sale"},"_links":{"self":[{"href":"https:\/\/elcontainermed.com\/index.php\/wp-json\/wp\/v2\/product\/365","targetHints":{"allow":["GET"]}}],"collection":[{"href":"https:\/\/elcontainermed.com\/index.php\/wp-json\/wp\/v2\/product"}],"about":[{"href":"https:\/\/elcontainermed.com\/index.php\/wp-json\/wp\/v2\/types\/product"}],"replies":[{"embeddable":true,"href":"https:\/\/elcontainermed.com\/index.php\/wp-json\/wp\/v2\/comments?post=365"}],"wp:featuredmedia":[{"embeddable":true,"href":"https:\/\/elcontainermed.com\/index.php\/wp-json\/wp\/v2\/media\/2924"}],"wp:attachment":[{"href":"https:\/\/elcontainermed.com\/index.php\/wp-json\/wp\/v2\/media?parent=365"}],"wp:term":[{"taxonomy":"product_brand","embeddable":true,"href":"https:\/\/elcontainermed.com\/index.php\/wp-json\/wp\/v2\/product_brand?post=365"},{"taxonomy":"product_cat","embeddable":true,"href":"https:\/\/elcontainermed.com\/index.php\/wp-json\/wp\/v2\/product_cat?post=365"},{"taxonomy":"product_tag","embeddable":true,"href":"https:\/\/elcontainermed.com\/index.php\/wp-json\/wp\/v2\/product_tag?post=365"}],"curies":[{"name":"wp","href":"https:\/\/api.w.org\/{rel}","templated":true}]}}