{"id":366,"date":"2025-07-25T11:17:30","date_gmt":"2025-07-25T16:17:30","guid":{"rendered":"http:\/\/localhost\/elcontainer\/?post_type=product&#038;p=366"},"modified":"2025-08-31T16:51:06","modified_gmt":"2025-08-31T21:51:06","slug":"chanel-n-5","status":"publish","type":"product","link":"https:\/\/elcontainermed.com\/index.php\/producto\/chanel-n-5\/","title":{"rendered":"Chanel N\u00ba 5"},"content":{"rendered":"<p><strong>Chanel No. 5<\/strong><\/p>\n<p>\ud83d\udce6 <strong>Presentaci\u00f3n<\/strong>: 100 ml<\/p>\n<p>\ud83d\udca7 <strong>Concentraci\u00f3n<\/strong>: Eau de Parfum<\/p>\n<p>\ud83c\udf38 <strong>Notas de salida:<\/strong> Aldeh\u00eddos, ylang-ylang, nerol\u00ed, bergamota, lim\u00f3n<\/p>\n<p>\ud83d\udc96 <strong>Notas de coraz\u00f3n:<\/strong> Jazm\u00edn, rosa de mayo, lirio de los valles, iris (r\u00e1iz de lirio, violeta)<\/p>\n<p>\ud83c\udf3f <strong>Notas de fondo:<\/strong> S\u00e1ndalo, vetiver, \u00e1mbar, vainilla, pachul\u00ed, musgo de roble, almizcle<\/p>\n<p>Una composici\u00f3n legendaria que abri\u00f3 el camino a los perfumes modernos: estalla en una chispa brillante de aldeh\u00eddos y c\u00edtricos, evoluciona hacia un coraz\u00f3n elegante de flores blancas, y se posa en una base c\u00e1lida, le\u00f1osa y suavemente dulce, atemporalmente seductora.<\/p>\n","protected":false},"excerpt":{"rendered":"<p>Elegancia luminosa: aldeh\u00eddos centelleantes y flores blancas delicadas sobre una base amaderada c\u00e1lida.<\/p>\n","protected":false},"featured_media":417,"comment_status":"open","ping_status":"closed","template":"","meta":{"_joinchat":[]},"product_brand":[71],"product_cat":[17],"product_tag":[],"class_list":{"0":"post-366","1":"product","2":"type-product","3":"status-publish","4":"has-post-thumbnail","6":"product_brand-chanel","7":"product_cat-mujer","8":"entry","9":"has-media","11":"first","12":"instock","13":"shipping-taxable","14":"purchasable","15":"product-type-simple","16":"col","17":"span_1_of_3","18":"wvn-content-left","19":"wvn-thumbs-layout-horizontal","20":"wvn-btn-normal","21":"wvn-tabs-layout-horizontal","22":"has-no-thumbnails","23":"circle-sale"},"_links":{"self":[{"href":"https:\/\/elcontainermed.com\/index.php\/wp-json\/wp\/v2\/product\/366","targetHints":{"allow":["GET"]}}],"collection":[{"href":"https:\/\/elcontainermed.com\/index.php\/wp-json\/wp\/v2\/product"}],"about":[{"href":"https:\/\/elcontainermed.com\/index.php\/wp-json\/wp\/v2\/types\/product"}],"replies":[{"embeddable":true,"href":"https:\/\/elcontainermed.com\/index.php\/wp-json\/wp\/v2\/comments?post=366"}],"wp:featuredmedia":[{"embeddable":true,"href":"https:\/\/elcontainermed.com\/index.php\/wp-json\/wp\/v2\/media\/417"}],"wp:attachment":[{"href":"https:\/\/elcontainermed.com\/index.php\/wp-json\/wp\/v2\/media?parent=366"}],"wp:term":[{"taxonomy":"product_brand","embeddable":true,"href":"https:\/\/elcontainermed.com\/index.php\/wp-json\/wp\/v2\/product_brand?post=366"},{"taxonomy":"product_cat","embeddable":true,"href":"https:\/\/elcontainermed.com\/index.php\/wp-json\/wp\/v2\/product_cat?post=366"},{"taxonomy":"product_tag","embeddable":true,"href":"https:\/\/elcontainermed.com\/index.php\/wp-json\/wp\/v2\/product_tag?post=366"}],"curies":[{"name":"wp","href":"https:\/\/api.w.org\/{rel}","templated":true}]}}