{"id":368,"date":"2025-07-25T11:17:30","date_gmt":"2025-07-25T16:17:30","guid":{"rendered":"http:\/\/localhost\/elcontainer\/?post_type=product&#038;p=368"},"modified":"2025-09-04T14:28:23","modified_gmt":"2025-09-04T19:28:23","slug":"ange-ou-demon","status":"publish","type":"product","link":"https:\/\/elcontainermed.com\/index.php\/producto\/ange-ou-demon\/","title":{"rendered":"Ange ou D\u00e9mon"},"content":{"rendered":"<p><strong>Ange ou D\u00e9mon \u2013 Givenchy<\/strong><\/p>\n<p>\ud83d\udce6 <strong>Presentaci\u00f3n:<\/strong> 100 ml<br \/>\n\ud83d\udca7 <strong>Concentraci\u00f3n:<\/strong> Eau de Parfum<\/p>\n<p>\ud83c\udf38 Notas de salida: Mandarina, azafr\u00e1n, tomillo<br \/>\n\ud83d\udc96 Notas de coraz\u00f3n: Lirio blanco, ylang-ylang, orqu\u00eddea<br \/>\n\ud83c\udf3f Notas de fondo: Vainilla, haba tonka, musgo de roble, palo de rosa<\/p>\n<p>Un perfume enigm\u00e1tico que juega entre la luz y la sombra: la chispa especiada de sus notas iniciales abre paso a un coraz\u00f3n floral voluptuoso, que se asienta sobre una base c\u00e1lida, dulce y misteriosa. Un contraste magn\u00e9tico entre lo angelical y lo tentador.<\/p>\n","protected":false},"excerpt":{"rendered":"<p>Un aura de dualidad: entre la inocencia luminosa y la seducci\u00f3n misteriosa.<\/p>\n","protected":false},"featured_media":418,"comment_status":"open","ping_status":"closed","template":"","meta":{"_joinchat":[]},"product_brand":[72],"product_cat":[17],"product_tag":[],"class_list":{"0":"post-368","1":"product","2":"type-product","3":"status-publish","4":"has-post-thumbnail","6":"product_brand-givenchy","7":"product_cat-mujer","8":"entry","9":"has-media","11":"first","12":"instock","13":"shipping-taxable","14":"purchasable","15":"product-type-simple","16":"col","17":"span_1_of_3","18":"wvn-content-left","19":"wvn-thumbs-layout-horizontal","20":"wvn-btn-normal","21":"wvn-tabs-layout-horizontal","22":"has-no-thumbnails","23":"circle-sale"},"_links":{"self":[{"href":"https:\/\/elcontainermed.com\/index.php\/wp-json\/wp\/v2\/product\/368","targetHints":{"allow":["GET"]}}],"collection":[{"href":"https:\/\/elcontainermed.com\/index.php\/wp-json\/wp\/v2\/product"}],"about":[{"href":"https:\/\/elcontainermed.com\/index.php\/wp-json\/wp\/v2\/types\/product"}],"replies":[{"embeddable":true,"href":"https:\/\/elcontainermed.com\/index.php\/wp-json\/wp\/v2\/comments?post=368"}],"wp:featuredmedia":[{"embeddable":true,"href":"https:\/\/elcontainermed.com\/index.php\/wp-json\/wp\/v2\/media\/418"}],"wp:attachment":[{"href":"https:\/\/elcontainermed.com\/index.php\/wp-json\/wp\/v2\/media?parent=368"}],"wp:term":[{"taxonomy":"product_brand","embeddable":true,"href":"https:\/\/elcontainermed.com\/index.php\/wp-json\/wp\/v2\/product_brand?post=368"},{"taxonomy":"product_cat","embeddable":true,"href":"https:\/\/elcontainermed.com\/index.php\/wp-json\/wp\/v2\/product_cat?post=368"},{"taxonomy":"product_tag","embeddable":true,"href":"https:\/\/elcontainermed.com\/index.php\/wp-json\/wp\/v2\/product_tag?post=368"}],"curies":[{"name":"wp","href":"https:\/\/api.w.org\/{rel}","templated":true}]}}