{"id":382,"date":"2025-07-25T11:17:51","date_gmt":"2025-07-25T16:17:51","guid":{"rendered":"http:\/\/localhost\/elcontainer\/?post_type=product&#038;p=382"},"modified":"2025-08-28T23:17:50","modified_gmt":"2025-08-29T04:17:50","slug":"moschino-funny","status":"publish","type":"product","link":"https:\/\/elcontainermed.com\/index.php\/producto\/moschino-funny\/","title":{"rendered":"Moschino Funny"},"content":{"rendered":"<p><strong>Funny \u2013 Moschino<\/strong><\/p>\n<p>\ud83d\udce6 <strong>Presentaci\u00f3n<\/strong>: 100 ml<\/p>\n<p>\ud83d\udca7 <strong>Concentraci\u00f3n<\/strong>: Eau de Toilette<\/p>\n<p>\ud83c\udf38 <strong>Notas de salida:<\/strong> Naranja amarga, grosella roja, pimienta rosa<\/p>\n<p>\ud83d\udc96 <strong>Notas de coraz\u00f3n:<\/strong> T\u00e9 verde, peon\u00eda, jazm\u00edn, violeta<\/p>\n<p>\ud83c\udf3f <strong>Notas de fondo:<\/strong> Cedro, \u00e1mbar, almizcles y musgo de roble<\/p>\n<p>Explosi\u00f3n de frescura c\u00edtrica y especiada que da paso a un coraz\u00f3n delicadamente floral y algo limpio, culminando en una base suave y amaderada con calidez almizclada. Perfecta para sentir energ\u00eda y alegr\u00eda en cada aplicaci\u00f3n.<\/p>\n","protected":false},"excerpt":{"rendered":"<p>Espont\u00e1nea y chispeante: un soplo de frescura con un fondo acogedor que irradia optimismo.<\/p>\n","protected":false},"featured_media":419,"comment_status":"open","ping_status":"closed","template":"","meta":{"_joinchat":[]},"product_brand":[102],"product_cat":[17],"product_tag":[],"class_list":{"0":"post-382","1":"product","2":"type-product","3":"status-publish","4":"has-post-thumbnail","6":"product_brand-moschino","7":"product_cat-mujer","8":"entry","9":"has-media","11":"first","12":"instock","13":"shipping-taxable","14":"purchasable","15":"product-type-simple","16":"col","17":"span_1_of_3","18":"wvn-content-left","19":"wvn-thumbs-layout-horizontal","20":"wvn-btn-normal","21":"wvn-tabs-layout-horizontal","22":"has-no-thumbnails","23":"circle-sale"},"_links":{"self":[{"href":"https:\/\/elcontainermed.com\/index.php\/wp-json\/wp\/v2\/product\/382","targetHints":{"allow":["GET"]}}],"collection":[{"href":"https:\/\/elcontainermed.com\/index.php\/wp-json\/wp\/v2\/product"}],"about":[{"href":"https:\/\/elcontainermed.com\/index.php\/wp-json\/wp\/v2\/types\/product"}],"replies":[{"embeddable":true,"href":"https:\/\/elcontainermed.com\/index.php\/wp-json\/wp\/v2\/comments?post=382"}],"wp:featuredmedia":[{"embeddable":true,"href":"https:\/\/elcontainermed.com\/index.php\/wp-json\/wp\/v2\/media\/419"}],"wp:attachment":[{"href":"https:\/\/elcontainermed.com\/index.php\/wp-json\/wp\/v2\/media?parent=382"}],"wp:term":[{"taxonomy":"product_brand","embeddable":true,"href":"https:\/\/elcontainermed.com\/index.php\/wp-json\/wp\/v2\/product_brand?post=382"},{"taxonomy":"product_cat","embeddable":true,"href":"https:\/\/elcontainermed.com\/index.php\/wp-json\/wp\/v2\/product_cat?post=382"},{"taxonomy":"product_tag","embeddable":true,"href":"https:\/\/elcontainermed.com\/index.php\/wp-json\/wp\/v2\/product_tag?post=382"}],"curies":[{"name":"wp","href":"https:\/\/api.w.org\/{rel}","templated":true}]}}