{"id":384,"date":"2025-07-25T11:17:52","date_gmt":"2025-07-25T16:17:52","guid":{"rendered":"http:\/\/localhost\/elcontainer\/?post_type=product&#038;p=384"},"modified":"2025-08-31T17:03:56","modified_gmt":"2025-08-31T22:03:56","slug":"lacoste-noir","status":"publish","type":"product","link":"https:\/\/elcontainermed.com\/index.php\/producto\/lacoste-noir\/","title":{"rendered":"Lacoste Noir"},"content":{"rendered":"<p><strong>Lacoste L.12.12 Noir<\/strong><\/p>\n<p>\ud83d\udce6 <strong>Presentaci\u00f3n<\/strong>: 100 ml<\/p>\n<p>\ud83d\udca7 <strong>Concentraci\u00f3n<\/strong>: Eau de Toilette<\/p>\n<p>\ud83c\udf38 <strong>Notas de salida:<\/strong> Sand\u00eda, albahaca egipcia, lavanda, verbena<\/p>\n<p>\ud83d\udc96 <strong>Notas de coraz\u00f3n:<\/strong> Chocolate oscuro, cashmeran, cumarina<\/p>\n<p>\ud83c\udf3f <strong>Notas de fondo:<\/strong> Pachul\u00ed, cachemira (madera suave), cumarina<\/p>\n<p>Un viaje olfativo que empieza con una frescura inesperada de sand\u00eda y hierbas arom\u00e1ticas, se funde en un coraz\u00f3n gourmand-amaderado con chocolate profundo, y culmina con una base c\u00e1lida, envolvente y sutilmente dulce que combina la suavidad de la cachemira con la profundidad del pachul\u00ed.<\/p>\n","protected":false},"excerpt":{"rendered":"<p>Verano nocturno en un frasco: frescura afrutada y verde que se transforma en un abrazo dulce-amaderado y seductor.<\/p>\n","protected":false},"featured_media":3060,"comment_status":"open","ping_status":"closed","template":"","meta":{"_joinchat":[]},"product_brand":[98],"product_cat":[16],"product_tag":[],"class_list":{"0":"post-384","1":"product","2":"type-product","3":"status-publish","4":"has-post-thumbnail","6":"product_brand-lacoste","7":"product_cat-hombre","8":"entry","9":"has-media","11":"first","12":"instock","13":"shipping-taxable","14":"purchasable","15":"product-type-simple","16":"col","17":"span_1_of_3","18":"wvn-content-left","19":"wvn-thumbs-layout-horizontal","20":"wvn-btn-normal","21":"wvn-tabs-layout-horizontal","22":"has-no-thumbnails","23":"circle-sale"},"_links":{"self":[{"href":"https:\/\/elcontainermed.com\/index.php\/wp-json\/wp\/v2\/product\/384","targetHints":{"allow":["GET"]}}],"collection":[{"href":"https:\/\/elcontainermed.com\/index.php\/wp-json\/wp\/v2\/product"}],"about":[{"href":"https:\/\/elcontainermed.com\/index.php\/wp-json\/wp\/v2\/types\/product"}],"replies":[{"embeddable":true,"href":"https:\/\/elcontainermed.com\/index.php\/wp-json\/wp\/v2\/comments?post=384"}],"wp:featuredmedia":[{"embeddable":true,"href":"https:\/\/elcontainermed.com\/index.php\/wp-json\/wp\/v2\/media\/3060"}],"wp:attachment":[{"href":"https:\/\/elcontainermed.com\/index.php\/wp-json\/wp\/v2\/media?parent=384"}],"wp:term":[{"taxonomy":"product_brand","embeddable":true,"href":"https:\/\/elcontainermed.com\/index.php\/wp-json\/wp\/v2\/product_brand?post=384"},{"taxonomy":"product_cat","embeddable":true,"href":"https:\/\/elcontainermed.com\/index.php\/wp-json\/wp\/v2\/product_cat?post=384"},{"taxonomy":"product_tag","embeddable":true,"href":"https:\/\/elcontainermed.com\/index.php\/wp-json\/wp\/v2\/product_tag?post=384"}],"curies":[{"name":"wp","href":"https:\/\/api.w.org\/{rel}","templated":true}]}}