{"id":385,"date":"2025-07-25T11:17:52","date_gmt":"2025-07-25T16:17:52","guid":{"rendered":"http:\/\/localhost\/elcontainer\/?post_type=product&#038;p=385"},"modified":"2025-08-28T22:48:02","modified_gmt":"2025-08-29T03:48:02","slug":"givenchy-blue","status":"publish","type":"product","link":"https:\/\/elcontainermed.com\/index.php\/producto\/givenchy-blue\/","title":{"rendered":"Givenchy Blue"},"content":{"rendered":"<p><strong>Givenchy Pour Homme \u2013 Givenchy<\/strong><\/p>\n<p>\ud83d\udce6 <strong>Presentaci\u00f3n<\/strong>: 100 ml<\/p>\n<p>\ud83d\udca7 <strong>Concentraci\u00f3n<\/strong>: Eau de Toilette<\/p>\n<p>\ud83c\udf38 <strong>Notas de salida:<\/strong> Pomelo, bergamota, hediona (frescura floral)<\/p>\n<p>\ud83d\udc96 <strong>Notas de coraz\u00f3n:<\/strong> Lavanda, pimienta de Sichuan, cardamomo, davana<\/p>\n<p>\ud83c\udf3f <strong>Notas de fondo:<\/strong> Cedro, vetiver, incienso Olibanum<\/p>\n<p>Una composici\u00f3n chispeante que inicia con c\u00edtricos luminosos y matices verdes. Evoluciona hacia una mezcla arom\u00e1tica especiada con lavanda y davana que aporta sofisticaci\u00f3n. La base amaderada con vetiver, cedro e incienso deja una estela elegante y envolvente.<\/p>\n","protected":false},"excerpt":{"rendered":"<p>Refrescante y audaz, con c\u00edtricos vibrantes que ceden paso a una profundidad especiada y amaderada.\u201d<\/p>\n","protected":false},"featured_media":422,"comment_status":"open","ping_status":"closed","template":"","meta":{"_joinchat":[]},"product_brand":[72],"product_cat":[16],"product_tag":[],"class_list":{"0":"post-385","1":"product","2":"type-product","3":"status-publish","4":"has-post-thumbnail","6":"product_brand-givenchy","7":"product_cat-hombre","8":"entry","9":"has-media","11":"first","12":"instock","13":"shipping-taxable","14":"purchasable","15":"product-type-simple","16":"col","17":"span_1_of_3","18":"wvn-content-left","19":"wvn-thumbs-layout-horizontal","20":"wvn-btn-normal","21":"wvn-tabs-layout-horizontal","22":"has-no-thumbnails","23":"circle-sale"},"_links":{"self":[{"href":"https:\/\/elcontainermed.com\/index.php\/wp-json\/wp\/v2\/product\/385","targetHints":{"allow":["GET"]}}],"collection":[{"href":"https:\/\/elcontainermed.com\/index.php\/wp-json\/wp\/v2\/product"}],"about":[{"href":"https:\/\/elcontainermed.com\/index.php\/wp-json\/wp\/v2\/types\/product"}],"replies":[{"embeddable":true,"href":"https:\/\/elcontainermed.com\/index.php\/wp-json\/wp\/v2\/comments?post=385"}],"wp:featuredmedia":[{"embeddable":true,"href":"https:\/\/elcontainermed.com\/index.php\/wp-json\/wp\/v2\/media\/422"}],"wp:attachment":[{"href":"https:\/\/elcontainermed.com\/index.php\/wp-json\/wp\/v2\/media?parent=385"}],"wp:term":[{"taxonomy":"product_brand","embeddable":true,"href":"https:\/\/elcontainermed.com\/index.php\/wp-json\/wp\/v2\/product_brand?post=385"},{"taxonomy":"product_cat","embeddable":true,"href":"https:\/\/elcontainermed.com\/index.php\/wp-json\/wp\/v2\/product_cat?post=385"},{"taxonomy":"product_tag","embeddable":true,"href":"https:\/\/elcontainermed.com\/index.php\/wp-json\/wp\/v2\/product_tag?post=385"}],"curies":[{"name":"wp","href":"https:\/\/api.w.org\/{rel}","templated":true}]}}