{"id":387,"date":"2025-07-25T11:17:52","date_gmt":"2025-07-25T16:17:52","guid":{"rendered":"http:\/\/localhost\/elcontainer\/?post_type=product&#038;p=387"},"modified":"2025-08-28T22:27:33","modified_gmt":"2025-08-29T03:27:33","slug":"lacoste-yellow","status":"publish","type":"product","link":"https:\/\/elcontainermed.com\/index.php\/producto\/lacoste-yellow\/","title":{"rendered":"Lacoste Yellow"},"content":{"rendered":"<p><strong>Lacoste Yellow<\/strong><\/p>\n<p>\ud83d\udce6 <strong>Presentaci\u00f3n<\/strong>: 100 ml<\/p>\n<p>\ud83d\udca7 <strong>Concentraci\u00f3n<\/strong>: Eau de Toilette<\/p>\n<p>\ud83c\udf38 <strong>Notas de salida:<\/strong> Pomelo, agua t\u00f3nica, pimienta rosa<\/p>\n<p>\ud83d\udc96 <strong>Notas de coraz\u00f3n:<\/strong> Manzana Golden Delicious, coriandro<\/p>\n<p>\ud83c\udf3f <strong>Notas de fondo:<\/strong> Cipr\u00e9s, vetiver, \u00e1mbar<\/p>\n<p>Una fragancia vibrante y soleada que despierta los sentidos con toques c\u00edtricos y burbujeantes. Evoluciona hacia un coraz\u00f3n frutal inesperado con manzana y cilantro, finalizando en una estela arom\u00e1tica, amaderada y pulida.<\/p>\n","protected":false},"excerpt":{"rendered":"<p>Como un rayo de sol embotellado: c\u00edtricos chispeantes sobre un coraz\u00f3n frutal refrescante.<\/p>\n","protected":false},"featured_media":2962,"comment_status":"open","ping_status":"closed","template":"","meta":{"_joinchat":[]},"product_brand":[98],"product_cat":[16],"product_tag":[],"class_list":{"0":"post-387","1":"product","2":"type-product","3":"status-publish","4":"has-post-thumbnail","6":"product_brand-lacoste","7":"product_cat-hombre","8":"entry","9":"has-media","11":"first","12":"instock","13":"shipping-taxable","14":"purchasable","15":"product-type-simple","16":"col","17":"span_1_of_3","18":"wvn-content-left","19":"wvn-thumbs-layout-horizontal","20":"wvn-btn-normal","21":"wvn-tabs-layout-horizontal","22":"has-no-thumbnails","23":"circle-sale"},"_links":{"self":[{"href":"https:\/\/elcontainermed.com\/index.php\/wp-json\/wp\/v2\/product\/387","targetHints":{"allow":["GET"]}}],"collection":[{"href":"https:\/\/elcontainermed.com\/index.php\/wp-json\/wp\/v2\/product"}],"about":[{"href":"https:\/\/elcontainermed.com\/index.php\/wp-json\/wp\/v2\/types\/product"}],"replies":[{"embeddable":true,"href":"https:\/\/elcontainermed.com\/index.php\/wp-json\/wp\/v2\/comments?post=387"}],"wp:featuredmedia":[{"embeddable":true,"href":"https:\/\/elcontainermed.com\/index.php\/wp-json\/wp\/v2\/media\/2962"}],"wp:attachment":[{"href":"https:\/\/elcontainermed.com\/index.php\/wp-json\/wp\/v2\/media?parent=387"}],"wp:term":[{"taxonomy":"product_brand","embeddable":true,"href":"https:\/\/elcontainermed.com\/index.php\/wp-json\/wp\/v2\/product_brand?post=387"},{"taxonomy":"product_cat","embeddable":true,"href":"https:\/\/elcontainermed.com\/index.php\/wp-json\/wp\/v2\/product_cat?post=387"},{"taxonomy":"product_tag","embeddable":true,"href":"https:\/\/elcontainermed.com\/index.php\/wp-json\/wp\/v2\/product_tag?post=387"}],"curies":[{"name":"wp","href":"https:\/\/api.w.org\/{rel}","templated":true}]}}