{"id":389,"date":"2025-07-25T11:17:52","date_gmt":"2025-07-25T16:17:52","guid":{"rendered":"http:\/\/localhost\/elcontainer\/?post_type=product&#038;p=389"},"modified":"2025-08-29T12:47:57","modified_gmt":"2025-08-29T17:47:57","slug":"vs-bombshell","status":"publish","type":"product","link":"https:\/\/elcontainermed.com\/index.php\/producto\/vs-bombshell\/","title":{"rendered":"VS Bombshell"},"content":{"rendered":"<p><strong>Bombshell \u2013 Victoria\u2019s Secret<\/strong><\/p>\n<p>\ud83d\udce6 <strong>Presentaci\u00f3n<\/strong>: 100 ml<\/p>\n<p>\ud83d\udca7 <strong>Concentraci\u00f3n<\/strong>: Eau de Parfum<\/p>\n<p>\ud83c\udf38 <strong>Notas de salida:<\/strong> Maracuy\u00e1, pomelo, pi\u00f1a, mandarina, fresa<\/p>\n<p>\ud83d\udc96 <strong>Notas de coraz\u00f3n:<\/strong> Peon\u00eda, orqu\u00eddea de vainilla, bayas rojas, jazm\u00edn, lirio de los valles<\/p>\n<p>\ud83c\udf3f <strong>Notas de fondo:<\/strong> Almizcle, maderas, musgo de roble<\/p>\n<p>Un perfume vibrante y femenino que abre con una explosi\u00f3n frutal jugosa y radiante, se despliega en un coraz\u00f3n floreado suave y luminoso, y culmina en una base elegante y pulida con un toque de sensualidad almizclada .<\/p>\n","protected":false},"excerpt":{"rendered":"<p>Divina y empoderada: chispeante y frutal, suave y floral, con una firma almizclada que cautiva.<\/p>\n","protected":false},"featured_media":424,"comment_status":"open","ping_status":"closed","template":"","meta":{"_joinchat":[]},"product_brand":[113],"product_cat":[17],"product_tag":[],"class_list":{"0":"post-389","1":"product","2":"type-product","3":"status-publish","4":"has-post-thumbnail","6":"product_brand-victorias-secret","7":"product_cat-mujer","8":"entry","9":"has-media","11":"first","12":"instock","13":"shipping-taxable","14":"purchasable","15":"product-type-simple","16":"col","17":"span_1_of_3","18":"wvn-content-left","19":"wvn-thumbs-layout-horizontal","20":"wvn-btn-normal","21":"wvn-tabs-layout-horizontal","22":"has-no-thumbnails","23":"circle-sale"},"_links":{"self":[{"href":"https:\/\/elcontainermed.com\/index.php\/wp-json\/wp\/v2\/product\/389","targetHints":{"allow":["GET"]}}],"collection":[{"href":"https:\/\/elcontainermed.com\/index.php\/wp-json\/wp\/v2\/product"}],"about":[{"href":"https:\/\/elcontainermed.com\/index.php\/wp-json\/wp\/v2\/types\/product"}],"replies":[{"embeddable":true,"href":"https:\/\/elcontainermed.com\/index.php\/wp-json\/wp\/v2\/comments?post=389"}],"wp:featuredmedia":[{"embeddable":true,"href":"https:\/\/elcontainermed.com\/index.php\/wp-json\/wp\/v2\/media\/424"}],"wp:attachment":[{"href":"https:\/\/elcontainermed.com\/index.php\/wp-json\/wp\/v2\/media?parent=389"}],"wp:term":[{"taxonomy":"product_brand","embeddable":true,"href":"https:\/\/elcontainermed.com\/index.php\/wp-json\/wp\/v2\/product_brand?post=389"},{"taxonomy":"product_cat","embeddable":true,"href":"https:\/\/elcontainermed.com\/index.php\/wp-json\/wp\/v2\/product_cat?post=389"},{"taxonomy":"product_tag","embeddable":true,"href":"https:\/\/elcontainermed.com\/index.php\/wp-json\/wp\/v2\/product_tag?post=389"}],"curies":[{"name":"wp","href":"https:\/\/api.w.org\/{rel}","templated":true}]}}