{"id":392,"date":"2025-07-25T11:17:52","date_gmt":"2025-07-25T16:17:52","guid":{"rendered":"http:\/\/localhost\/elcontainer\/?post_type=product&#038;p=392"},"modified":"2025-08-28T22:40:12","modified_gmt":"2025-08-29T03:40:12","slug":"eternity-ck","status":"publish","type":"product","link":"https:\/\/elcontainermed.com\/index.php\/producto\/eternity-ck\/","title":{"rendered":"Eternity CK"},"content":{"rendered":"<p><strong>Eternity for Men \u2013 Calvin Klein<\/strong><\/p>\n<p>\ud83d\udce6 <strong>Presentaci\u00f3n<\/strong>: 100 ml<\/p>\n<p>\ud83d\udca7 <strong>Concentraci\u00f3n<\/strong>: Eau de Toilette<\/p>\n<p>\ud83c\udf38 <strong>Notas de salida:<\/strong> Lavanda, lim\u00f3n, bergamota, mandarina<\/p>\n<p>\ud83d\udc96 <strong>Notas de coraz\u00f3n:<\/strong> Salvia, bayas de enebro, albahaca, geranio, jazm\u00edn, cilantro, azahar, muguete, azucena<\/p>\n<p>\ud83c\udf3f <strong>Notas de fondo:<\/strong> S\u00e1ndalo, almizcle, vetiver, palo de rosa de Brasil, \u00e1mbar<\/p>\n<p>Fragancia cl\u00e1sica y masculina que arranca con frescura c\u00edtrica-lavanda, evoluciona hacia un complejo coraz\u00f3n arom\u00e1tico-herbal, y se sella en una base c\u00e1lida, amaderada y terrosa. Es un foug\u00e8re emblem\u00e1tico, elegante y vers\u00e1til que ha perdurado a lo largo de d\u00e9cadas. Tiende a proyectar suavemente y tener duraci\u00f3n moderada.<\/p>\n","protected":false},"excerpt":{"rendered":"<p>Cl\u00e1sico moderno y confiable: frescor herbal limpio con presencia masculina y atemporal.<\/p>\n","protected":false},"featured_media":442,"comment_status":"open","ping_status":"closed","template":"","meta":{"_joinchat":[]},"product_brand":[82],"product_cat":[16],"product_tag":[],"class_list":{"0":"post-392","1":"product","2":"type-product","3":"status-publish","4":"has-post-thumbnail","6":"product_brand-calvin-klein","7":"product_cat-hombre","8":"entry","9":"has-media","11":"first","12":"instock","13":"shipping-taxable","14":"purchasable","15":"product-type-simple","16":"col","17":"span_1_of_3","18":"wvn-content-left","19":"wvn-thumbs-layout-horizontal","20":"wvn-btn-normal","21":"wvn-tabs-layout-horizontal","22":"has-no-thumbnails","23":"circle-sale"},"_links":{"self":[{"href":"https:\/\/elcontainermed.com\/index.php\/wp-json\/wp\/v2\/product\/392","targetHints":{"allow":["GET"]}}],"collection":[{"href":"https:\/\/elcontainermed.com\/index.php\/wp-json\/wp\/v2\/product"}],"about":[{"href":"https:\/\/elcontainermed.com\/index.php\/wp-json\/wp\/v2\/types\/product"}],"replies":[{"embeddable":true,"href":"https:\/\/elcontainermed.com\/index.php\/wp-json\/wp\/v2\/comments?post=392"}],"wp:featuredmedia":[{"embeddable":true,"href":"https:\/\/elcontainermed.com\/index.php\/wp-json\/wp\/v2\/media\/442"}],"wp:attachment":[{"href":"https:\/\/elcontainermed.com\/index.php\/wp-json\/wp\/v2\/media?parent=392"}],"wp:term":[{"taxonomy":"product_brand","embeddable":true,"href":"https:\/\/elcontainermed.com\/index.php\/wp-json\/wp\/v2\/product_brand?post=392"},{"taxonomy":"product_cat","embeddable":true,"href":"https:\/\/elcontainermed.com\/index.php\/wp-json\/wp\/v2\/product_cat?post=392"},{"taxonomy":"product_tag","embeddable":true,"href":"https:\/\/elcontainermed.com\/index.php\/wp-json\/wp\/v2\/product_tag?post=392"}],"curies":[{"name":"wp","href":"https:\/\/api.w.org\/{rel}","templated":true}]}}