{"id":407,"date":"2025-07-25T11:18:15","date_gmt":"2025-07-25T16:18:15","guid":{"rendered":"http:\/\/localhost\/elcontainer\/?post_type=product&#038;p=407"},"modified":"2025-08-31T13:44:29","modified_gmt":"2025-08-31T18:44:29","slug":"phantom-paco-rabanne","status":"publish","type":"product","link":"https:\/\/elcontainermed.com\/index.php\/producto\/phantom-paco-rabanne\/","title":{"rendered":"Phantom Paco Rabanne"},"content":{"rendered":"<p><strong>Phantom \u2013 Paco Rabanne<\/strong><\/p>\n<p>\ud83d\udce6 <strong>Presentaci\u00f3n<\/strong>: 100 ml<\/p>\n<p>\ud83d\udca7 <strong>Concentraci\u00f3n<\/strong>: Eau de Toilette<\/p>\n<p>\ud83c\udf38 <strong>Notas de salida:<\/strong> Lavanda (incluye &#8220;Lavender 3.0&#8221;), lim\u00f3n de Amalfi<\/p>\n<p>\ud83d\udc96 <strong>Notas de coraz\u00f3n:<\/strong> Manzana, humo, terrosas, pachul\u00ed, lavanda<\/p>\n<p>\ud83c\udf3f <strong>Notas de fondo:<\/strong> Vainilla, lavanda, vetiver<\/p>\n<p>Arranque brillante y energizante gracias a la combinaci\u00f3n de lavanda moderna y c\u00edtricos vivos. Una transici\u00f3n con coraz\u00f3n frutal-terroso y matices ahumados suaviza la frescura inicial. La base \u00edntima de vainilla cremosa y vetiver aporta una profundidad seductora y contempor\u00e1nea.<\/p>\n","protected":false},"excerpt":{"rendered":"<p>El aroma del hombre futurista: audaz, conectado y magn\u00e9tico.<\/p>\n","protected":false},"featured_media":444,"comment_status":"open","ping_status":"closed","template":"","meta":{"_joinchat":[]},"product_brand":[77],"product_cat":[16],"product_tag":[],"class_list":{"0":"post-407","1":"product","2":"type-product","3":"status-publish","4":"has-post-thumbnail","6":"product_brand-paco-rabanne","7":"product_cat-hombre","8":"entry","9":"has-media","11":"first","12":"instock","13":"shipping-taxable","14":"purchasable","15":"product-type-simple","16":"col","17":"span_1_of_3","18":"wvn-content-left","19":"wvn-thumbs-layout-horizontal","20":"wvn-btn-normal","21":"wvn-tabs-layout-horizontal","22":"has-no-thumbnails","23":"circle-sale"},"_links":{"self":[{"href":"https:\/\/elcontainermed.com\/index.php\/wp-json\/wp\/v2\/product\/407","targetHints":{"allow":["GET"]}}],"collection":[{"href":"https:\/\/elcontainermed.com\/index.php\/wp-json\/wp\/v2\/product"}],"about":[{"href":"https:\/\/elcontainermed.com\/index.php\/wp-json\/wp\/v2\/types\/product"}],"replies":[{"embeddable":true,"href":"https:\/\/elcontainermed.com\/index.php\/wp-json\/wp\/v2\/comments?post=407"}],"wp:featuredmedia":[{"embeddable":true,"href":"https:\/\/elcontainermed.com\/index.php\/wp-json\/wp\/v2\/media\/444"}],"wp:attachment":[{"href":"https:\/\/elcontainermed.com\/index.php\/wp-json\/wp\/v2\/media?parent=407"}],"wp:term":[{"taxonomy":"product_brand","embeddable":true,"href":"https:\/\/elcontainermed.com\/index.php\/wp-json\/wp\/v2\/product_brand?post=407"},{"taxonomy":"product_cat","embeddable":true,"href":"https:\/\/elcontainermed.com\/index.php\/wp-json\/wp\/v2\/product_cat?post=407"},{"taxonomy":"product_tag","embeddable":true,"href":"https:\/\/elcontainermed.com\/index.php\/wp-json\/wp\/v2\/product_tag?post=407"}],"curies":[{"name":"wp","href":"https:\/\/api.w.org\/{rel}","templated":true}]}}