{"id":408,"date":"2025-07-25T11:18:15","date_gmt":"2025-07-25T16:18:15","guid":{"rendered":"http:\/\/localhost\/elcontainer\/?post_type=product&#038;p=408"},"modified":"2025-08-28T22:12:06","modified_gmt":"2025-08-29T03:12:06","slug":"212-men-heroes","status":"publish","type":"product","link":"https:\/\/elcontainermed.com\/index.php\/producto\/212-men-heroes\/","title":{"rendered":"212 Men Heroes"},"content":{"rendered":"<p><strong>212 Heroes For Men \u2013 Carolina Herrera<\/strong><\/p>\n<p>\ud83d\udce6 <strong>Presentaci\u00f3n<\/strong>: 90 ml<\/p>\n<p>\ud83d\udca7 <strong>Concentraci\u00f3n<\/strong>: Eau de Toilette<\/p>\n<p>\ud83c\udf38 <strong>Notas de salida:<\/strong> Pera, jengibre, Cannabis Lemon Haze<\/p>\n<p>\ud83d\udc96 <strong>Notas de coraz\u00f3n:<\/strong> Geranio de Madagascar, salvia<\/p>\n<p>\ud83c\udf3f <strong>Notas de fondo:<\/strong> Almizcle, cuero<\/p>\n<p>Fresco, moderno y juvenil: comienza con un estallido frutal afrutado y picante, tiene un coraz\u00f3n floral-herbal vibrante y termina en una base masculina y curiosa, suave y envolvente. Una nueva interpretaci\u00f3n de foug\u00e8re con energ\u00eda urbana y audaz.<\/p>\n","protected":false},"excerpt":{"rendered":"<p>Vibrante y juvenil: una ola fresca afrutada con sello urbano, suavizada por un fondo de cuero y almizcle.<\/p>\n","protected":false},"featured_media":445,"comment_status":"open","ping_status":"closed","template":"","meta":{"_joinchat":[]},"product_brand":[67],"product_cat":[16],"product_tag":[],"class_list":{"0":"post-408","1":"product","2":"type-product","3":"status-publish","4":"has-post-thumbnail","6":"product_brand-carolina-herrera","7":"product_cat-hombre","8":"entry","9":"has-media","11":"first","12":"instock","13":"shipping-taxable","14":"purchasable","15":"product-type-simple","16":"col","17":"span_1_of_3","18":"wvn-content-left","19":"wvn-thumbs-layout-horizontal","20":"wvn-btn-normal","21":"wvn-tabs-layout-horizontal","22":"has-no-thumbnails","23":"circle-sale"},"_links":{"self":[{"href":"https:\/\/elcontainermed.com\/index.php\/wp-json\/wp\/v2\/product\/408","targetHints":{"allow":["GET"]}}],"collection":[{"href":"https:\/\/elcontainermed.com\/index.php\/wp-json\/wp\/v2\/product"}],"about":[{"href":"https:\/\/elcontainermed.com\/index.php\/wp-json\/wp\/v2\/types\/product"}],"replies":[{"embeddable":true,"href":"https:\/\/elcontainermed.com\/index.php\/wp-json\/wp\/v2\/comments?post=408"}],"wp:featuredmedia":[{"embeddable":true,"href":"https:\/\/elcontainermed.com\/index.php\/wp-json\/wp\/v2\/media\/445"}],"wp:attachment":[{"href":"https:\/\/elcontainermed.com\/index.php\/wp-json\/wp\/v2\/media?parent=408"}],"wp:term":[{"taxonomy":"product_brand","embeddable":true,"href":"https:\/\/elcontainermed.com\/index.php\/wp-json\/wp\/v2\/product_brand?post=408"},{"taxonomy":"product_cat","embeddable":true,"href":"https:\/\/elcontainermed.com\/index.php\/wp-json\/wp\/v2\/product_cat?post=408"},{"taxonomy":"product_tag","embeddable":true,"href":"https:\/\/elcontainermed.com\/index.php\/wp-json\/wp\/v2\/product_tag?post=408"}],"curies":[{"name":"wp","href":"https:\/\/api.w.org\/{rel}","templated":true}]}}