{"id":409,"date":"2025-07-25T11:18:15","date_gmt":"2025-07-25T16:18:15","guid":{"rendered":"http:\/\/localhost\/elcontainer\/?post_type=product&#038;p=409"},"modified":"2025-08-28T22:00:51","modified_gmt":"2025-08-29T03:00:51","slug":"bvlgari-man-in-black","status":"publish","type":"product","link":"https:\/\/elcontainermed.com\/index.php\/producto\/bvlgari-man-in-black\/","title":{"rendered":"Bvlgari Man in Black"},"content":{"rendered":"<p><strong>Bvlgari Man In Black<\/strong><\/p>\n<p>\ud83d\udce6 <strong>Presentaci\u00f3n<\/strong>: 100 ml<\/p>\n<p>\ud83d\udca7 <strong>Concentraci\u00f3n<\/strong>: Eau de Parfum<\/p>\n<p>\ud83c\udf38 <strong>Notas de salida:<\/strong> Especias, ron, tabaco<\/p>\n<p>\ud83d\udc96 <strong>Notas de coraz\u00f3n:<\/strong> Cuero, iris, tuberosa<\/p>\n<p>\ud83c\udf3f <strong>Notas de fondo:<\/strong> Haba tonka, madera de gaiac, benju\u00ed (benzoin)<\/p>\n<p>Un aura intensa y masculina que prende con un arranque ahumado y especiado; su coraz\u00f3n funde notas florales densas con cuero robusto; la estela final es rica y aterciopelada gracias a la combinaci\u00f3n de tonka, benju\u00ed y maderas oscuras.<\/p>\n","protected":false},"excerpt":{"rendered":"<p>Seductor y poderoso: especias embriagadoras sobre cuero untuoso y una base ambarada profunda.<\/p>\n","protected":false},"featured_media":446,"comment_status":"open","ping_status":"closed","template":"","meta":{"_joinchat":[]},"product_brand":[80],"product_cat":[16],"product_tag":[],"class_list":{"0":"post-409","1":"product","2":"type-product","3":"status-publish","4":"has-post-thumbnail","6":"product_brand-bvlgari","7":"product_cat-hombre","8":"entry","9":"has-media","11":"first","12":"instock","13":"shipping-taxable","14":"purchasable","15":"product-type-simple","16":"col","17":"span_1_of_3","18":"wvn-content-left","19":"wvn-thumbs-layout-horizontal","20":"wvn-btn-normal","21":"wvn-tabs-layout-horizontal","22":"has-no-thumbnails","23":"circle-sale"},"_links":{"self":[{"href":"https:\/\/elcontainermed.com\/index.php\/wp-json\/wp\/v2\/product\/409","targetHints":{"allow":["GET"]}}],"collection":[{"href":"https:\/\/elcontainermed.com\/index.php\/wp-json\/wp\/v2\/product"}],"about":[{"href":"https:\/\/elcontainermed.com\/index.php\/wp-json\/wp\/v2\/types\/product"}],"replies":[{"embeddable":true,"href":"https:\/\/elcontainermed.com\/index.php\/wp-json\/wp\/v2\/comments?post=409"}],"wp:featuredmedia":[{"embeddable":true,"href":"https:\/\/elcontainermed.com\/index.php\/wp-json\/wp\/v2\/media\/446"}],"wp:attachment":[{"href":"https:\/\/elcontainermed.com\/index.php\/wp-json\/wp\/v2\/media?parent=409"}],"wp:term":[{"taxonomy":"product_brand","embeddable":true,"href":"https:\/\/elcontainermed.com\/index.php\/wp-json\/wp\/v2\/product_brand?post=409"},{"taxonomy":"product_cat","embeddable":true,"href":"https:\/\/elcontainermed.com\/index.php\/wp-json\/wp\/v2\/product_cat?post=409"},{"taxonomy":"product_tag","embeddable":true,"href":"https:\/\/elcontainermed.com\/index.php\/wp-json\/wp\/v2\/product_tag?post=409"}],"curies":[{"name":"wp","href":"https:\/\/api.w.org\/{rel}","templated":true}]}}