{"id":412,"date":"2025-07-25T11:18:16","date_gmt":"2025-07-25T16:18:16","guid":{"rendered":"http:\/\/localhost\/elcontainer\/?post_type=product&#038;p=412"},"modified":"2025-12-05T01:33:51","modified_gmt":"2025-12-05T06:33:51","slug":"lattafa-oud-for-glory","status":"publish","type":"product","link":"https:\/\/elcontainermed.com\/index.php\/producto\/lattafa-oud-for-glory\/","title":{"rendered":"Lattafa Oud For Glory"},"content":{"rendered":"<p><strong>Oud for Glory \u2013 Lattafa<\/strong><\/p>\n<p>\ud83d\udce6 <strong>Presentaci\u00f3n<\/strong>: 100 ml<\/p>\n<p>\ud83d\udca7 <strong>Concentraci\u00f3n<\/strong>: Eau de Parfum unisex<\/p>\n<p>\ud83c\udf38 <strong>Notas de salida:<\/strong> Azafr\u00e1n, nuez moscada y lavanda<\/p>\n<p>\ud83d\udc96 <strong>Notas de coraz\u00f3n:<\/strong> Madera de oud y pachul\u00ed<\/p>\n<p>\ud83c\udf3f <strong>Notas de fondo:<\/strong> Madera de oud, pachul\u00ed y almizcle<\/p>\n<p>Una experiencia olfativa intensa: comienza con especias c\u00e1lidas y arom\u00e1ticas que envuelven un coraz\u00f3n profundo de oud y pachul\u00ed, y culmina en una base rica y duradera con un c\u00e1lido abrazo de almizcle.<\/p>\n","protected":false},"excerpt":{"rendered":"<p>Entre el misterio ahumado y la riqueza especiada: oud noble envuelto en matices c\u00e1lidos y especiados.<\/p>\n","protected":false},"featured_media":449,"comment_status":"open","ping_status":"closed","template":"","meta":{"_joinchat":[]},"product_brand":[99],"product_cat":[16,17,63],"product_tag":[],"class_list":{"0":"post-412","1":"product","2":"type-product","3":"status-publish","4":"has-post-thumbnail","6":"product_brand-lattafa","7":"product_cat-hombre","8":"product_cat-mujer","9":"product_cat-unisex","10":"entry","11":"has-media","13":"first","14":"instock","15":"sale","16":"shipping-taxable","17":"purchasable","18":"product-type-simple","19":"col","20":"span_1_of_3","21":"wvn-content-left","22":"wvn-thumbs-layout-horizontal","23":"wvn-btn-normal","24":"wvn-tabs-layout-horizontal","25":"has-no-thumbnails","26":"circle-sale"},"_links":{"self":[{"href":"https:\/\/elcontainermed.com\/index.php\/wp-json\/wp\/v2\/product\/412","targetHints":{"allow":["GET"]}}],"collection":[{"href":"https:\/\/elcontainermed.com\/index.php\/wp-json\/wp\/v2\/product"}],"about":[{"href":"https:\/\/elcontainermed.com\/index.php\/wp-json\/wp\/v2\/types\/product"}],"replies":[{"embeddable":true,"href":"https:\/\/elcontainermed.com\/index.php\/wp-json\/wp\/v2\/comments?post=412"}],"wp:featuredmedia":[{"embeddable":true,"href":"https:\/\/elcontainermed.com\/index.php\/wp-json\/wp\/v2\/media\/449"}],"wp:attachment":[{"href":"https:\/\/elcontainermed.com\/index.php\/wp-json\/wp\/v2\/media?parent=412"}],"wp:term":[{"taxonomy":"product_brand","embeddable":true,"href":"https:\/\/elcontainermed.com\/index.php\/wp-json\/wp\/v2\/product_brand?post=412"},{"taxonomy":"product_cat","embeddable":true,"href":"https:\/\/elcontainermed.com\/index.php\/wp-json\/wp\/v2\/product_cat?post=412"},{"taxonomy":"product_tag","embeddable":true,"href":"https:\/\/elcontainermed.com\/index.php\/wp-json\/wp\/v2\/product_tag?post=412"}],"curies":[{"name":"wp","href":"https:\/\/api.w.org\/{rel}","templated":true}]}}