{"id":414,"date":"2025-07-25T11:18:16","date_gmt":"2025-07-25T16:18:16","guid":{"rendered":"http:\/\/localhost\/elcontainer\/?post_type=product&#038;p=414"},"modified":"2025-08-28T21:23:34","modified_gmt":"2025-08-29T02:23:34","slug":"moschino-toy-boy","status":"publish","type":"product","link":"https:\/\/elcontainermed.com\/index.php\/producto\/moschino-toy-boy\/","title":{"rendered":"Moschino Toy Boy"},"content":{"rendered":"<p><strong>Toy Boy \u2013 Moschino<\/strong><\/p>\n<p>\ud83d\udce6 <strong>Presentaci\u00f3n<\/strong>: 100 ml<\/p>\n<p>\ud83d\udca7 <strong>Concentraci\u00f3n<\/strong>: Eau de Parfum<\/p>\n<p>\ud83c\udf38 <strong>Notas de salida:<\/strong> Bergamota, pera verde, pimienta rosa, elemi, nuez moscada indonesia<\/p>\n<p>\ud83d\udc96 <strong>Notas de coraz\u00f3n:<\/strong> Rosa absoluta, magnolia, clavo de olor, flor de lino<\/p>\n<p>\ud83c\udf3f <strong>Notas de fondo:<\/strong> Vetiver de Hait\u00ed, s\u00e1ndalo, Ambermax, almizcle<\/p>\n<p>Una mezcla audaz y din\u00e1mica: abre con un frescor especiado y frutal, transita hacia un coraz\u00f3n floral sofisticado y culmina en una base c\u00e1lida de maderas y almizcle, con un toque moderno y elegante.<\/p>\n","protected":false},"excerpt":{"rendered":"<p>Equilibrio entre atrevimiento y sofisticaci\u00f3n: rosa magn\u00e9tica envuelta en especias y maderas con actitud.<\/p>\n","protected":false},"featured_media":451,"comment_status":"open","ping_status":"closed","template":"","meta":{"_joinchat":[]},"product_brand":[102],"product_cat":[16],"product_tag":[],"class_list":{"0":"post-414","1":"product","2":"type-product","3":"status-publish","4":"has-post-thumbnail","6":"product_brand-moschino","7":"product_cat-hombre","8":"entry","9":"has-media","11":"first","12":"instock","13":"shipping-taxable","14":"purchasable","15":"product-type-simple","16":"col","17":"span_1_of_3","18":"wvn-content-left","19":"wvn-thumbs-layout-horizontal","20":"wvn-btn-normal","21":"wvn-tabs-layout-horizontal","22":"has-no-thumbnails","23":"circle-sale"},"_links":{"self":[{"href":"https:\/\/elcontainermed.com\/index.php\/wp-json\/wp\/v2\/product\/414","targetHints":{"allow":["GET"]}}],"collection":[{"href":"https:\/\/elcontainermed.com\/index.php\/wp-json\/wp\/v2\/product"}],"about":[{"href":"https:\/\/elcontainermed.com\/index.php\/wp-json\/wp\/v2\/types\/product"}],"replies":[{"embeddable":true,"href":"https:\/\/elcontainermed.com\/index.php\/wp-json\/wp\/v2\/comments?post=414"}],"wp:featuredmedia":[{"embeddable":true,"href":"https:\/\/elcontainermed.com\/index.php\/wp-json\/wp\/v2\/media\/451"}],"wp:attachment":[{"href":"https:\/\/elcontainermed.com\/index.php\/wp-json\/wp\/v2\/media?parent=414"}],"wp:term":[{"taxonomy":"product_brand","embeddable":true,"href":"https:\/\/elcontainermed.com\/index.php\/wp-json\/wp\/v2\/product_brand?post=414"},{"taxonomy":"product_cat","embeddable":true,"href":"https:\/\/elcontainermed.com\/index.php\/wp-json\/wp\/v2\/product_cat?post=414"},{"taxonomy":"product_tag","embeddable":true,"href":"https:\/\/elcontainermed.com\/index.php\/wp-json\/wp\/v2\/product_tag?post=414"}],"curies":[{"name":"wp","href":"https:\/\/api.w.org\/{rel}","templated":true}]}}