{"id":415,"date":"2025-07-25T11:18:16","date_gmt":"2025-07-25T16:18:16","guid":{"rendered":"http:\/\/localhost\/elcontainer\/?post_type=product&#038;p=415"},"modified":"2026-04-13T15:48:13","modified_gmt":"2026-04-13T20:48:13","slug":"212-heroes-dama","status":"publish","type":"product","link":"https:\/\/elcontainermed.com\/index.php\/producto\/212-heroes-dama\/","title":{"rendered":"212 Heroes Fem"},"content":{"rendered":"<p><strong>212 Heroes Fem \u2013 Carolina Herrera<\/strong><\/p>\n<p>\ud83d\udce6 <strong>Presentaci\u00f3n<\/strong>: 80 ml<\/p>\n<p>\ud83d\udca7 <strong>Concentraci\u00f3n<\/strong>: Eau de Parfum<\/p>\n<p>\ud83c\udf38 <strong>Notas de salida:<\/strong> Frambuesa, mandarina<\/p>\n<p>\ud83d\udc96 <strong>Notas de coraz\u00f3n:<\/strong> Jazm\u00edn, flor de azahar del naranjo<\/p>\n<p>\ud83c\udf3f <strong>Notas de fondo:<\/strong> Cedro, s\u00e1ndalo<\/p>\n<p>Una fragancia fresca y vibrante que comienza con la jugosidad afrutada de frambuesa y c\u00edtricos, evoluciona hacia un coraz\u00f3n elegante de flores blancas, y se asienta sobre una base reconfortante de maderas c\u00e1lidas.<\/p>\n","protected":false},"excerpt":{"rendered":"<p>Atrevida, joven y brillante: rebosa vitalidad femenina con un aura fresca y sofisticada.<\/p>\n","protected":false},"featured_media":2934,"comment_status":"open","ping_status":"closed","template":"","meta":{"_joinchat":[]},"product_brand":[67],"product_cat":[17],"product_tag":[],"class_list":{"0":"post-415","1":"product","2":"type-product","3":"status-publish","4":"has-post-thumbnail","6":"product_brand-carolina-herrera","7":"product_cat-mujer","8":"entry","9":"has-media","11":"first","12":"instock","13":"shipping-taxable","14":"purchasable","15":"product-type-simple","16":"col","17":"span_1_of_3","18":"wvn-content-left","19":"wvn-thumbs-layout-horizontal","20":"wvn-btn-normal","21":"wvn-tabs-layout-horizontal","22":"has-no-thumbnails","23":"circle-sale"},"_links":{"self":[{"href":"https:\/\/elcontainermed.com\/index.php\/wp-json\/wp\/v2\/product\/415","targetHints":{"allow":["GET"]}}],"collection":[{"href":"https:\/\/elcontainermed.com\/index.php\/wp-json\/wp\/v2\/product"}],"about":[{"href":"https:\/\/elcontainermed.com\/index.php\/wp-json\/wp\/v2\/types\/product"}],"replies":[{"embeddable":true,"href":"https:\/\/elcontainermed.com\/index.php\/wp-json\/wp\/v2\/comments?post=415"}],"wp:featuredmedia":[{"embeddable":true,"href":"https:\/\/elcontainermed.com\/index.php\/wp-json\/wp\/v2\/media\/2934"}],"wp:attachment":[{"href":"https:\/\/elcontainermed.com\/index.php\/wp-json\/wp\/v2\/media?parent=415"}],"wp:term":[{"taxonomy":"product_brand","embeddable":true,"href":"https:\/\/elcontainermed.com\/index.php\/wp-json\/wp\/v2\/product_brand?post=415"},{"taxonomy":"product_cat","embeddable":true,"href":"https:\/\/elcontainermed.com\/index.php\/wp-json\/wp\/v2\/product_cat?post=415"},{"taxonomy":"product_tag","embeddable":true,"href":"https:\/\/elcontainermed.com\/index.php\/wp-json\/wp\/v2\/product_tag?post=415"}],"curies":[{"name":"wp","href":"https:\/\/api.w.org\/{rel}","templated":true}]}}