{"id":427,"date":"2025-07-25T11:18:39","date_gmt":"2025-07-25T16:18:39","guid":{"rendered":"http:\/\/localhost\/elcontainer\/?post_type=product&#038;p=427"},"modified":"2025-09-04T13:32:37","modified_gmt":"2025-09-04T18:32:37","slug":"orientica-amber-rouge","status":"publish","type":"product","link":"https:\/\/elcontainermed.com\/index.php\/producto\/orientica-amber-rouge\/","title":{"rendered":"Orientica Amber Rouge"},"content":{"rendered":"<p><strong>Amber Rouge \u2013 Orientica<\/strong><\/p>\n<p>\ud83d\udce6 <strong>Presentaci\u00f3n<\/strong>: 80 ml<\/p>\n<p>\ud83d\udca7 <strong>Concentraci\u00f3n<\/strong>: Eau de Parfum<\/p>\n<p>\ud83c\udf38 <strong>Notas de salida:<\/strong> Azafr\u00e1n y jazm\u00edn<\/p>\n<p>\ud83d\udc96 <strong>Notas de coraz\u00f3n:<\/strong> Amberwood y \u00e1mbar gris<\/p>\n<p>\ud83c\udf3f <strong>Notas de fondo:<\/strong> Cedro y resina de abeto (fir resin)<\/p>\n<p>Fragancia oriental amaderada especiada con una apertura c\u00e1lida y floral gracias al azafr\u00e1n y jazm\u00edn, que evoluciona hacia un coraz\u00f3n profundo y amaderado con \u00e1mbar gris, asent\u00e1ndose en una base envolvente y elegante de cedro y resina de abeto.<\/p>\n","protected":false},"excerpt":{"rendered":"<p>Opulenta y moderna: azafr\u00e1n y jazm\u00edn sobre un coraz\u00f3n de \u00e1mbar gris y una base c\u00e1lida de cedro.<\/p>\n","protected":false},"featured_media":469,"comment_status":"open","ping_status":"closed","template":"","meta":{"_joinchat":[]},"product_brand":[105],"product_cat":[16,17,63],"product_tag":[],"class_list":{"0":"post-427","1":"product","2":"type-product","3":"status-publish","4":"has-post-thumbnail","6":"product_brand-orientica","7":"product_cat-hombre","8":"product_cat-mujer","9":"product_cat-unisex","10":"entry","11":"has-media","13":"first","14":"instock","15":"sale","16":"shipping-taxable","17":"purchasable","18":"product-type-simple","19":"col","20":"span_1_of_3","21":"wvn-content-left","22":"wvn-thumbs-layout-horizontal","23":"wvn-btn-normal","24":"wvn-tabs-layout-horizontal","25":"has-no-thumbnails","26":"circle-sale"},"_links":{"self":[{"href":"https:\/\/elcontainermed.com\/index.php\/wp-json\/wp\/v2\/product\/427","targetHints":{"allow":["GET"]}}],"collection":[{"href":"https:\/\/elcontainermed.com\/index.php\/wp-json\/wp\/v2\/product"}],"about":[{"href":"https:\/\/elcontainermed.com\/index.php\/wp-json\/wp\/v2\/types\/product"}],"replies":[{"embeddable":true,"href":"https:\/\/elcontainermed.com\/index.php\/wp-json\/wp\/v2\/comments?post=427"}],"wp:featuredmedia":[{"embeddable":true,"href":"https:\/\/elcontainermed.com\/index.php\/wp-json\/wp\/v2\/media\/469"}],"wp:attachment":[{"href":"https:\/\/elcontainermed.com\/index.php\/wp-json\/wp\/v2\/media?parent=427"}],"wp:term":[{"taxonomy":"product_brand","embeddable":true,"href":"https:\/\/elcontainermed.com\/index.php\/wp-json\/wp\/v2\/product_brand?post=427"},{"taxonomy":"product_cat","embeddable":true,"href":"https:\/\/elcontainermed.com\/index.php\/wp-json\/wp\/v2\/product_cat?post=427"},{"taxonomy":"product_tag","embeddable":true,"href":"https:\/\/elcontainermed.com\/index.php\/wp-json\/wp\/v2\/product_tag?post=427"}],"curies":[{"name":"wp","href":"https:\/\/api.w.org\/{rel}","templated":true}]}}