{"id":432,"date":"2025-07-25T11:18:39","date_gmt":"2025-07-25T16:18:39","guid":{"rendered":"http:\/\/localhost\/elcontainer\/?post_type=product&#038;p=432"},"modified":"2025-08-28T18:37:32","modified_gmt":"2025-08-28T23:37:32","slug":"baccarat-rouge-540","status":"publish","type":"product","link":"https:\/\/elcontainermed.com\/index.php\/producto\/baccarat-rouge-540\/","title":{"rendered":"Baccarat Rouge 540"},"content":{"rendered":"<p><strong>Baccarat Rouge 540 \u2013 Maison Francis Kurkdjian<\/strong><\/p>\n<p>\ud83d\udce6 <strong>Presentaci\u00f3n<\/strong>: 70 ml<\/p>\n<p>\ud83d\udca7 <strong>Concentraci\u00f3n<\/strong>: Eau de Parfum<\/p>\n<p>\ud83c\udf38 <strong>Notas de salida:<\/strong> Azafr\u00e1n, jazm\u00edn<\/p>\n<p>\ud83d\udc96 <strong>Notas de coraz\u00f3n:<\/strong> Ambergris, Amberwood, Ambroxan<\/p>\n<p>\ud83c\udf3f <strong>Notas de fondo:<\/strong> Cedro, resina de abeto, roble\/almizcle amaderado<\/p>\n<p>Fragancia oriental floral elegante que comienza con una chispa de azafr\u00e1n y jazm\u00edn, evoluciona hacia un coraz\u00f3n mineral ambarado con notas ricas de ambroxan, y se posa en una base amaderada suave y sofisticada, creando una estela envolvente y distintiva .<\/p>\n","protected":false},"excerpt":{"rendered":"<p>Opulenta y sofisticada, mezcla jazm\u00edn especiado, \u00e1mbar amaderado y una base amaderada suave \u2013 una firma irresistible.<\/p>\n","protected":false},"featured_media":474,"comment_status":"open","ping_status":"closed","template":"","meta":{"_joinchat":[]},"product_brand":[76],"product_cat":[16,17,63],"product_tag":[],"class_list":{"0":"post-432","1":"product","2":"type-product","3":"status-publish","4":"has-post-thumbnail","6":"product_brand-maison-francis","7":"product_cat-hombre","8":"product_cat-mujer","9":"product_cat-unisex","10":"entry","11":"has-media","13":"first","14":"instock","15":"shipping-taxable","16":"purchasable","17":"product-type-simple","18":"col","19":"span_1_of_3","20":"wvn-content-left","21":"wvn-thumbs-layout-horizontal","22":"wvn-btn-normal","23":"wvn-tabs-layout-horizontal","24":"has-no-thumbnails","25":"circle-sale"},"_links":{"self":[{"href":"https:\/\/elcontainermed.com\/index.php\/wp-json\/wp\/v2\/product\/432","targetHints":{"allow":["GET"]}}],"collection":[{"href":"https:\/\/elcontainermed.com\/index.php\/wp-json\/wp\/v2\/product"}],"about":[{"href":"https:\/\/elcontainermed.com\/index.php\/wp-json\/wp\/v2\/types\/product"}],"replies":[{"embeddable":true,"href":"https:\/\/elcontainermed.com\/index.php\/wp-json\/wp\/v2\/comments?post=432"}],"wp:featuredmedia":[{"embeddable":true,"href":"https:\/\/elcontainermed.com\/index.php\/wp-json\/wp\/v2\/media\/474"}],"wp:attachment":[{"href":"https:\/\/elcontainermed.com\/index.php\/wp-json\/wp\/v2\/media?parent=432"}],"wp:term":[{"taxonomy":"product_brand","embeddable":true,"href":"https:\/\/elcontainermed.com\/index.php\/wp-json\/wp\/v2\/product_brand?post=432"},{"taxonomy":"product_cat","embeddable":true,"href":"https:\/\/elcontainermed.com\/index.php\/wp-json\/wp\/v2\/product_cat?post=432"},{"taxonomy":"product_tag","embeddable":true,"href":"https:\/\/elcontainermed.com\/index.php\/wp-json\/wp\/v2\/product_tag?post=432"}],"curies":[{"name":"wp","href":"https:\/\/api.w.org\/{rel}","templated":true}]}}