{"id":433,"date":"2025-07-25T11:18:39","date_gmt":"2025-07-25T16:18:39","guid":{"rendered":"http:\/\/localhost\/elcontainer\/?post_type=product&#038;p=433"},"modified":"2026-04-13T08:25:57","modified_gmt":"2026-04-13T13:25:57","slug":"al-haramain-amber-oud","status":"publish","type":"product","link":"https:\/\/elcontainermed.com\/index.php\/producto\/al-haramain-amber-oud\/","title":{"rendered":"Al Haramain Amber Oud"},"content":{"rendered":"<p><strong>Amber Oud Gold Edition \u2013 Al Haramain<\/strong><\/p>\n<p>\ud83d\udce6 <strong>Presentaci\u00f3n<\/strong>: 100 ml<\/p>\n<p>\ud83d\udca7 <strong>Concentraci\u00f3n<\/strong>: Eau de Parfum unisex<\/p>\n<p>\ud83c\udf38 <strong>Notas de salida:<\/strong> Bergamota, notas verdes (oz\u00f3nicas)<\/p>\n<p>\ud83d\udc96 <strong>Notas de coraz\u00f3n:<\/strong> Mel\u00f3n, pi\u00f1a, \u00e1mbar, acorde gourmand<\/p>\n<p>\ud83c\udf3f <strong>Notas de fondo:<\/strong> Vainilla, almizcle, acordes amaderados<\/p>\n<p>Una experiencia olfativa de contrastes: la frescura c\u00edtrica y oz\u00f3nica primero despierta los sentidos, luego se funde con un coraz\u00f3n goloso y frutal intenso. Finalmente, la base crece c\u00e1lida y envolvente, con vainilla y madera que brindan una estela suave y elegante.<\/p>\n","protected":false},"excerpt":{"rendered":"<p>Jugoso y refinado: astucia c\u00edtrica y fruta ex\u00f3tica que desemboca en un abrazo cremoso y amaderado.<\/p>\n","protected":false},"featured_media":475,"comment_status":"open","ping_status":"closed","template":"","meta":{"_joinchat":[]},"product_brand":[70],"product_cat":[16,17,63],"product_tag":[],"class_list":{"0":"post-433","1":"product","2":"type-product","3":"status-publish","4":"has-post-thumbnail","6":"product_brand-al-haramain","7":"product_cat-hombre","8":"product_cat-mujer","9":"product_cat-unisex","10":"entry","11":"has-media","13":"first","14":"instock","15":"sale","16":"shipping-taxable","17":"purchasable","18":"product-type-simple","19":"col","20":"span_1_of_3","21":"wvn-content-left","22":"wvn-thumbs-layout-horizontal","23":"wvn-btn-normal","24":"wvn-tabs-layout-horizontal","25":"has-no-thumbnails","26":"circle-sale"},"_links":{"self":[{"href":"https:\/\/elcontainermed.com\/index.php\/wp-json\/wp\/v2\/product\/433","targetHints":{"allow":["GET"]}}],"collection":[{"href":"https:\/\/elcontainermed.com\/index.php\/wp-json\/wp\/v2\/product"}],"about":[{"href":"https:\/\/elcontainermed.com\/index.php\/wp-json\/wp\/v2\/types\/product"}],"replies":[{"embeddable":true,"href":"https:\/\/elcontainermed.com\/index.php\/wp-json\/wp\/v2\/comments?post=433"}],"wp:featuredmedia":[{"embeddable":true,"href":"https:\/\/elcontainermed.com\/index.php\/wp-json\/wp\/v2\/media\/475"}],"wp:attachment":[{"href":"https:\/\/elcontainermed.com\/index.php\/wp-json\/wp\/v2\/media?parent=433"}],"wp:term":[{"taxonomy":"product_brand","embeddable":true,"href":"https:\/\/elcontainermed.com\/index.php\/wp-json\/wp\/v2\/product_brand?post=433"},{"taxonomy":"product_cat","embeddable":true,"href":"https:\/\/elcontainermed.com\/index.php\/wp-json\/wp\/v2\/product_cat?post=433"},{"taxonomy":"product_tag","embeddable":true,"href":"https:\/\/elcontainermed.com\/index.php\/wp-json\/wp\/v2\/product_tag?post=433"}],"curies":[{"name":"wp","href":"https:\/\/api.w.org\/{rel}","templated":true}]}}