{"id":434,"date":"2025-07-25T11:18:39","date_gmt":"2025-07-25T16:18:39","guid":{"rendered":"http:\/\/localhost\/elcontainer\/?post_type=product&#038;p=434"},"modified":"2026-04-13T15:49:14","modified_gmt":"2026-04-13T20:49:14","slug":"al-haramain-amber-rouge","status":"publish","type":"product","link":"https:\/\/elcontainermed.com\/index.php\/producto\/al-haramain-amber-rouge\/","title":{"rendered":"Al Haramain Amber Rouge"},"content":{"rendered":"<p><strong>Amber Oud Rouge \u2013 Al Haramain<\/strong><\/p>\n<p>\ud83d\udce6 <strong>Presentaci\u00f3n<\/strong>: 120 ml<\/p>\n<p>\ud83d\udca7 <strong>Concentraci\u00f3n<\/strong>: Eau de Parfum unisex<\/p>\n<p>\ud83c\udf38 <strong>Notas de salida:<\/strong> Azafr\u00e1n<\/p>\n<p>\ud83d\udc96 <strong>Notas de coraz\u00f3n:<\/strong> Jazm\u00edn<\/p>\n<p>\ud83c\udf3f <strong>Notas de fondo:<\/strong> \u00c1mbar gris, almizcle blanco y cedro blanco<\/p>\n<p>Su apertura especiada y ex\u00f3tica evoluciona hacia un coraz\u00f3n floral envolvente, asent\u00e1ndose en una base rica, c\u00e1lida y ambarada que aporta elegancia y profundidad.<\/p>\n","protected":false},"excerpt":{"rendered":"<p>Una estela envolvente y lujosa, donde el azafr\u00e1n vibrante se funde con jazm\u00edn sobre un fondo c\u00e1lido de \u00e1mbar y almizcle.<\/p>\n","protected":false},"featured_media":476,"comment_status":"open","ping_status":"closed","template":"","meta":{"_joinchat":[]},"product_brand":[70],"product_cat":[16,17,63],"product_tag":[],"class_list":{"0":"post-434","1":"product","2":"type-product","3":"status-publish","4":"has-post-thumbnail","6":"product_brand-al-haramain","7":"product_cat-hombre","8":"product_cat-mujer","9":"product_cat-unisex","10":"entry","11":"has-media","13":"first","14":"instock","15":"sale","16":"shipping-taxable","17":"purchasable","18":"product-type-simple","19":"col","20":"span_1_of_3","21":"wvn-content-left","22":"wvn-thumbs-layout-horizontal","23":"wvn-btn-normal","24":"wvn-tabs-layout-horizontal","25":"has-no-thumbnails","26":"circle-sale"},"_links":{"self":[{"href":"https:\/\/elcontainermed.com\/index.php\/wp-json\/wp\/v2\/product\/434","targetHints":{"allow":["GET"]}}],"collection":[{"href":"https:\/\/elcontainermed.com\/index.php\/wp-json\/wp\/v2\/product"}],"about":[{"href":"https:\/\/elcontainermed.com\/index.php\/wp-json\/wp\/v2\/types\/product"}],"replies":[{"embeddable":true,"href":"https:\/\/elcontainermed.com\/index.php\/wp-json\/wp\/v2\/comments?post=434"}],"wp:featuredmedia":[{"embeddable":true,"href":"https:\/\/elcontainermed.com\/index.php\/wp-json\/wp\/v2\/media\/476"}],"wp:attachment":[{"href":"https:\/\/elcontainermed.com\/index.php\/wp-json\/wp\/v2\/media?parent=434"}],"wp:term":[{"taxonomy":"product_brand","embeddable":true,"href":"https:\/\/elcontainermed.com\/index.php\/wp-json\/wp\/v2\/product_brand?post=434"},{"taxonomy":"product_cat","embeddable":true,"href":"https:\/\/elcontainermed.com\/index.php\/wp-json\/wp\/v2\/product_cat?post=434"},{"taxonomy":"product_tag","embeddable":true,"href":"https:\/\/elcontainermed.com\/index.php\/wp-json\/wp\/v2\/product_tag?post=434"}],"curies":[{"name":"wp","href":"https:\/\/api.w.org\/{rel}","templated":true}]}}