{"id":435,"date":"2025-07-25T11:18:39","date_gmt":"2025-07-25T16:18:39","guid":{"rendered":"http:\/\/localhost\/elcontainer\/?post_type=product&#038;p=435"},"modified":"2025-09-04T13:32:49","modified_gmt":"2025-09-04T18:32:49","slug":"orientica-royal-amber","status":"publish","type":"product","link":"https:\/\/elcontainermed.com\/index.php\/producto\/orientica-royal-amber\/","title":{"rendered":"Orientica Royal Amber"},"content":{"rendered":"<p><strong>Royal Amber \u2013 Orientica<\/strong><\/p>\n<p>\ud83d\udce6 <strong>Presentaci\u00f3n<\/strong>: 80 ml<\/p>\n<p>\ud83d\udca7 <strong>Concentraci\u00f3n<\/strong>: Eau de Parfum<\/p>\n<p>\ud83c\udf38 <strong>Notas de salida:<\/strong> Bergamota y matices verdes<\/p>\n<p>\ud83d\udc96 <strong>Notas de coraz\u00f3n:<\/strong> Mel\u00f3n, pi\u00f1a, \u00e1mbar y acordes dulces<\/p>\n<p>\ud83c\udf3f <strong>Notas de fondo:<\/strong> Vainilla, \u00e1mbar gris, almizcle blanco y maderas<\/p>\n<p>Brilla con una apertura c\u00edtrica fresca y ligeramente verde que se funde con un coraz\u00f3n jugoso de mel\u00f3n y pi\u00f1a, sostenido por un \u00e1mbar luminoso. La estela c\u00e1lida y cremosa, con vainilla, almizcle y madera, aporta elegancia y una sensaci\u00f3n duradera.<\/p>\n","protected":false},"excerpt":{"rendered":"<p>Realeza fresca y envolvente: jugosidad tropical envuelta en un abrazo c\u00e1lido y ambarado.<\/p>\n","protected":false},"featured_media":477,"comment_status":"open","ping_status":"closed","template":"","meta":{"_joinchat":[]},"product_brand":[105],"product_cat":[16,17,63],"product_tag":[],"class_list":{"0":"post-435","1":"product","2":"type-product","3":"status-publish","4":"has-post-thumbnail","6":"product_brand-orientica","7":"product_cat-hombre","8":"product_cat-mujer","9":"product_cat-unisex","10":"entry","11":"has-media","13":"first","14":"instock","15":"sale","16":"shipping-taxable","17":"purchasable","18":"product-type-simple","19":"col","20":"span_1_of_3","21":"wvn-content-left","22":"wvn-thumbs-layout-horizontal","23":"wvn-btn-normal","24":"wvn-tabs-layout-horizontal","25":"has-no-thumbnails","26":"circle-sale"},"_links":{"self":[{"href":"https:\/\/elcontainermed.com\/index.php\/wp-json\/wp\/v2\/product\/435","targetHints":{"allow":["GET"]}}],"collection":[{"href":"https:\/\/elcontainermed.com\/index.php\/wp-json\/wp\/v2\/product"}],"about":[{"href":"https:\/\/elcontainermed.com\/index.php\/wp-json\/wp\/v2\/types\/product"}],"replies":[{"embeddable":true,"href":"https:\/\/elcontainermed.com\/index.php\/wp-json\/wp\/v2\/comments?post=435"}],"wp:featuredmedia":[{"embeddable":true,"href":"https:\/\/elcontainermed.com\/index.php\/wp-json\/wp\/v2\/media\/477"}],"wp:attachment":[{"href":"https:\/\/elcontainermed.com\/index.php\/wp-json\/wp\/v2\/media?parent=435"}],"wp:term":[{"taxonomy":"product_brand","embeddable":true,"href":"https:\/\/elcontainermed.com\/index.php\/wp-json\/wp\/v2\/product_brand?post=435"},{"taxonomy":"product_cat","embeddable":true,"href":"https:\/\/elcontainermed.com\/index.php\/wp-json\/wp\/v2\/product_cat?post=435"},{"taxonomy":"product_tag","embeddable":true,"href":"https:\/\/elcontainermed.com\/index.php\/wp-json\/wp\/v2\/product_tag?post=435"}],"curies":[{"name":"wp","href":"https:\/\/api.w.org\/{rel}","templated":true}]}}