{"id":438,"date":"2025-07-25T11:18:40","date_gmt":"2025-07-25T16:18:40","guid":{"rendered":"http:\/\/localhost\/elcontainer\/?post_type=product&#038;p=438"},"modified":"2025-08-28T18:22:19","modified_gmt":"2025-08-28T23:22:19","slug":"montale-arabians-tonka","status":"publish","type":"product","link":"https:\/\/elcontainermed.com\/index.php\/producto\/montale-arabians-tonka\/","title":{"rendered":"Montale Arabians Tonka"},"content":{"rendered":"<p><strong>Arabians Tonka \u2013 Montale<\/strong><\/p>\n<p>\ud83d\udce6 <strong>Presentaci\u00f3n<\/strong>: 100 ml<\/p>\n<p>\ud83d\udca7 <strong>Concentraci\u00f3n<\/strong>: Eau de Parfum unisex<\/p>\n<p>\ud83c\udf38 <strong>Notas de salida:<\/strong> Azafr\u00e1n y bergamota<\/p>\n<p>\ud83d\udc96 <strong>Notas de coraz\u00f3n:<\/strong> Oud nepal\u00ed y rosa de Bulgaria (rosa damascena)<\/p>\n<p>\ud83c\udf3f <strong>Notas de fondo:<\/strong> Haba tonka, ca\u00f1a de az\u00facar, \u00e1mbar, almizcle blanco y musgo de roble<\/p>\n<p>Fragancia oriental amaderada dulce e intensa que inicia con una chispa especiada c\u00edtrica, evoluciona hacia un coraz\u00f3n floral y amaderado elegante, y culmina en una base cremosa, resinosa y sofisticada.<\/p>\n","protected":false},"excerpt":{"rendered":"<p>Opulenta y adictiva, mezcla azafr\u00e1n especiado, rosa y oud, reconstruida sobre una base suave y cremosa de tonka y \u00e1mbar.<\/p>\n","protected":false},"featured_media":492,"comment_status":"open","ping_status":"closed","template":"","meta":{"_joinchat":[]},"product_brand":[101],"product_cat":[16,17,63],"product_tag":[],"class_list":{"0":"post-438","1":"product","2":"type-product","3":"status-publish","4":"has-post-thumbnail","6":"product_brand-montale","7":"product_cat-hombre","8":"product_cat-mujer","9":"product_cat-unisex","10":"entry","11":"has-media","13":"first","14":"instock","15":"shipping-taxable","16":"purchasable","17":"product-type-simple","18":"col","19":"span_1_of_3","20":"wvn-content-left","21":"wvn-thumbs-layout-horizontal","22":"wvn-btn-normal","23":"wvn-tabs-layout-horizontal","24":"has-no-thumbnails","25":"circle-sale"},"_links":{"self":[{"href":"https:\/\/elcontainermed.com\/index.php\/wp-json\/wp\/v2\/product\/438","targetHints":{"allow":["GET"]}}],"collection":[{"href":"https:\/\/elcontainermed.com\/index.php\/wp-json\/wp\/v2\/product"}],"about":[{"href":"https:\/\/elcontainermed.com\/index.php\/wp-json\/wp\/v2\/types\/product"}],"replies":[{"embeddable":true,"href":"https:\/\/elcontainermed.com\/index.php\/wp-json\/wp\/v2\/comments?post=438"}],"wp:featuredmedia":[{"embeddable":true,"href":"https:\/\/elcontainermed.com\/index.php\/wp-json\/wp\/v2\/media\/492"}],"wp:attachment":[{"href":"https:\/\/elcontainermed.com\/index.php\/wp-json\/wp\/v2\/media?parent=438"}],"wp:term":[{"taxonomy":"product_brand","embeddable":true,"href":"https:\/\/elcontainermed.com\/index.php\/wp-json\/wp\/v2\/product_brand?post=438"},{"taxonomy":"product_cat","embeddable":true,"href":"https:\/\/elcontainermed.com\/index.php\/wp-json\/wp\/v2\/product_cat?post=438"},{"taxonomy":"product_tag","embeddable":true,"href":"https:\/\/elcontainermed.com\/index.php\/wp-json\/wp\/v2\/product_tag?post=438"}],"curies":[{"name":"wp","href":"https:\/\/api.w.org\/{rel}","templated":true}]}}