{"id":439,"date":"2025-07-25T11:18:40","date_gmt":"2025-07-25T16:18:40","guid":{"rendered":"http:\/\/localhost\/elcontainer\/?post_type=product&#038;p=439"},"modified":"2025-08-28T18:29:30","modified_gmt":"2025-08-28T23:29:30","slug":"moschino-i-love-love","status":"publish","type":"product","link":"https:\/\/elcontainermed.com\/index.php\/producto\/moschino-i-love-love\/","title":{"rendered":"Moschino I Love Love"},"content":{"rendered":"<p><strong>I Love Love \u2013 Moschino<\/strong><\/p>\n<p>\ud83d\udce6 <strong>Presentaci\u00f3n<\/strong>: 100 ml<\/p>\n<p>\ud83d\udca7 <strong>Concentraci\u00f3n<\/strong>: Eau de Toilette<\/p>\n<p>\ud83c\udf38 <strong>Notas de salida:<\/strong> Grosella roja, lim\u00f3n, naranja, pomelo<\/p>\n<p>\ud83d\udc96 <strong>Notas de coraz\u00f3n:<\/strong> Lirio de los valles, hoja de canela, rosa de t\u00e9, espada\u00f1a (junco)<\/p>\n<p>\ud83c\udf3f <strong>Notas de fondo:<\/strong> Cedro, almizcles blancos, madera de tanaka<\/p>\n<p>Fragancia vibrante y alegre que arranca con explosi\u00f3n de c\u00edtricos frescos y jugosos acentos de grosella, evoluciona hacia un coraz\u00f3n floral especiado elegante y descansa en una base suave de madera y almizcle.<\/p>\n","protected":false},"excerpt":{"rendered":"<p>Radiante y juguetona: c\u00edtricos chispeantes y grosella sobre un coraz\u00f3n floral, con un fondo suave de madera y almizcle.<\/p>\n","protected":false},"featured_media":493,"comment_status":"open","ping_status":"closed","template":"","meta":{"_joinchat":[]},"product_brand":[102],"product_cat":[17],"product_tag":[],"class_list":{"0":"post-439","1":"product","2":"type-product","3":"status-publish","4":"has-post-thumbnail","6":"product_brand-moschino","7":"product_cat-mujer","8":"entry","9":"has-media","11":"first","12":"instock","13":"shipping-taxable","14":"purchasable","15":"product-type-simple","16":"col","17":"span_1_of_3","18":"wvn-content-left","19":"wvn-thumbs-layout-horizontal","20":"wvn-btn-normal","21":"wvn-tabs-layout-horizontal","22":"has-no-thumbnails","23":"circle-sale"},"_links":{"self":[{"href":"https:\/\/elcontainermed.com\/index.php\/wp-json\/wp\/v2\/product\/439","targetHints":{"allow":["GET"]}}],"collection":[{"href":"https:\/\/elcontainermed.com\/index.php\/wp-json\/wp\/v2\/product"}],"about":[{"href":"https:\/\/elcontainermed.com\/index.php\/wp-json\/wp\/v2\/types\/product"}],"replies":[{"embeddable":true,"href":"https:\/\/elcontainermed.com\/index.php\/wp-json\/wp\/v2\/comments?post=439"}],"wp:featuredmedia":[{"embeddable":true,"href":"https:\/\/elcontainermed.com\/index.php\/wp-json\/wp\/v2\/media\/493"}],"wp:attachment":[{"href":"https:\/\/elcontainermed.com\/index.php\/wp-json\/wp\/v2\/media?parent=439"}],"wp:term":[{"taxonomy":"product_brand","embeddable":true,"href":"https:\/\/elcontainermed.com\/index.php\/wp-json\/wp\/v2\/product_brand?post=439"},{"taxonomy":"product_cat","embeddable":true,"href":"https:\/\/elcontainermed.com\/index.php\/wp-json\/wp\/v2\/product_cat?post=439"},{"taxonomy":"product_tag","embeddable":true,"href":"https:\/\/elcontainermed.com\/index.php\/wp-json\/wp\/v2\/product_tag?post=439"}],"curies":[{"name":"wp","href":"https:\/\/api.w.org\/{rel}","templated":true}]}}