{"id":453,"date":"2025-07-25T11:19:02","date_gmt":"2025-07-25T16:19:02","guid":{"rendered":"http:\/\/localhost\/elcontainer\/?post_type=product&#038;p=453"},"modified":"2025-12-05T01:34:05","modified_gmt":"2025-12-05T06:34:05","slug":"lattafa-amethyst","status":"publish","type":"product","link":"https:\/\/elcontainermed.com\/index.php\/producto\/lattafa-amethyst\/","title":{"rendered":"Lattafa Amethyst"},"content":{"rendered":"<p><strong>Lattafa Bade\u2019e Al Oud Amethyst<\/strong><\/p>\n<p>\ud83d\udce6 <strong>Presentaci\u00f3n<\/strong>: 100 ml<\/p>\n<p>\ud83d\udca7 <strong>Concentraci\u00f3n<\/strong>: Eau de Parfum unisex<\/p>\n<p>\ud83c\udf38 <strong>Notas de salida:<\/strong> Pimienta rosa y bergamota<\/p>\n<p>\ud83d\udc96 <strong>Notas de coraz\u00f3n:<\/strong> Rosa turca, rosa de Bulgaria y jazm\u00edn<\/p>\n<p>\ud83c\udf3f <strong>Notas de fondo:<\/strong> Madera de oud, \u00e1mbar y vainilla<\/p>\n<p>Fragancia oriental amberada exquisita que arranca con una chispa fresca y especiada, evoluciona hacia un coraz\u00f3n floral profundo de rosas y jazm\u00edn, y se posa en una base c\u00e1lida, dulce y sofisticada de oud, \u00e1mbar y vainilla.<\/p>\n","protected":false},"excerpt":{"rendered":"<p>Seductora y refinada: rosa intensa y oud cremoso con un fondo c\u00e1lido de \u00e1mbar y vainilla.<\/p>\n","protected":false},"featured_media":495,"comment_status":"open","ping_status":"closed","template":"","meta":{"_joinchat":[]},"product_brand":[99],"product_cat":[16,17,63],"product_tag":[],"class_list":{"0":"post-453","1":"product","2":"type-product","3":"status-publish","4":"has-post-thumbnail","6":"product_brand-lattafa","7":"product_cat-hombre","8":"product_cat-mujer","9":"product_cat-unisex","10":"entry","11":"has-media","13":"first","14":"instock","15":"sale","16":"shipping-taxable","17":"purchasable","18":"product-type-simple","19":"col","20":"span_1_of_3","21":"wvn-content-left","22":"wvn-thumbs-layout-horizontal","23":"wvn-btn-normal","24":"wvn-tabs-layout-horizontal","25":"has-no-thumbnails","26":"circle-sale"},"_links":{"self":[{"href":"https:\/\/elcontainermed.com\/index.php\/wp-json\/wp\/v2\/product\/453","targetHints":{"allow":["GET"]}}],"collection":[{"href":"https:\/\/elcontainermed.com\/index.php\/wp-json\/wp\/v2\/product"}],"about":[{"href":"https:\/\/elcontainermed.com\/index.php\/wp-json\/wp\/v2\/types\/product"}],"replies":[{"embeddable":true,"href":"https:\/\/elcontainermed.com\/index.php\/wp-json\/wp\/v2\/comments?post=453"}],"wp:featuredmedia":[{"embeddable":true,"href":"https:\/\/elcontainermed.com\/index.php\/wp-json\/wp\/v2\/media\/495"}],"wp:attachment":[{"href":"https:\/\/elcontainermed.com\/index.php\/wp-json\/wp\/v2\/media?parent=453"}],"wp:term":[{"taxonomy":"product_brand","embeddable":true,"href":"https:\/\/elcontainermed.com\/index.php\/wp-json\/wp\/v2\/product_brand?post=453"},{"taxonomy":"product_cat","embeddable":true,"href":"https:\/\/elcontainermed.com\/index.php\/wp-json\/wp\/v2\/product_cat?post=453"},{"taxonomy":"product_tag","embeddable":true,"href":"https:\/\/elcontainermed.com\/index.php\/wp-json\/wp\/v2\/product_tag?post=453"}],"curies":[{"name":"wp","href":"https:\/\/api.w.org\/{rel}","templated":true}]}}