{"id":456,"date":"2025-07-25T11:19:03","date_gmt":"2025-07-25T16:19:03","guid":{"rendered":"http:\/\/localhost\/elcontainer\/?post_type=product&#038;p=456"},"modified":"2025-08-28T17:46:19","modified_gmt":"2025-08-28T22:46:19","slug":"king-dolce-gabbana","status":"publish","type":"product","link":"https:\/\/elcontainermed.com\/index.php\/producto\/king-dolce-gabbana\/","title":{"rendered":"King Dolce Gabbana"},"content":{"rendered":"<p><strong>K (King) \u2013 Dolce &amp; Gabbana<\/strong><\/p>\n<p>\ud83d\udce6 <strong>Presentaci\u00f3n<\/strong>: 100 ml<\/p>\n<p>\ud83d\udca7 <strong>Concentraci\u00f3n<\/strong>: Disponible en Eau de Toilette (EDT)<\/p>\n<p>\ud83c\udf38 <strong>Notas de salida:<\/strong> Bayas de enebro, c\u00edtricos crujientes (lim\u00f3n siciliano, lima y naranja sanguina), cardamomo<\/p>\n<p>\ud83d\udc96 <strong>Notas de coraz\u00f3n:<\/strong> Pimiento (pimiento morr\u00f3n), lavanda francesa, salvia esclarea y geranio<\/p>\n<p>\ud83c\udf3f <strong>Notas de fondo:<\/strong> Cedro, vetiver (haitiano), pachul\u00ed y cipriol (nagarmota wood)<\/p>\n<p>Fragancia masculina amaderada y arom\u00e1tica que se abre con c\u00edtricos chispeantes y un toque especiado. Su coraz\u00f3n combina hierbas arom\u00e1ticas con lavanda y geranio, mientras que la base ofrece una estela rica, c\u00e1lida y seca, ideal para un estilo seguro y distintivo.<\/p>\n","protected":false},"excerpt":{"rendered":"<p>Carism\u00e1tica y elegante, inicia con c\u00edtricos vivos, evoluciona en un coraz\u00f3n arom\u00e1tico y se asienta en una base masculina de maderas nobles y vetiver.<\/p>\n","protected":false},"featured_media":498,"comment_status":"open","ping_status":"closed","template":"","meta":{"_joinchat":[]},"product_brand":[94],"product_cat":[16],"product_tag":[],"class_list":{"0":"post-456","1":"product","2":"type-product","3":"status-publish","4":"has-post-thumbnail","6":"product_brand-dolce-gabbana","7":"product_cat-hombre","8":"entry","9":"has-media","11":"first","12":"instock","13":"shipping-taxable","14":"purchasable","15":"product-type-simple","16":"col","17":"span_1_of_3","18":"wvn-content-left","19":"wvn-thumbs-layout-horizontal","20":"wvn-btn-normal","21":"wvn-tabs-layout-horizontal","22":"has-no-thumbnails","23":"circle-sale"},"_links":{"self":[{"href":"https:\/\/elcontainermed.com\/index.php\/wp-json\/wp\/v2\/product\/456","targetHints":{"allow":["GET"]}}],"collection":[{"href":"https:\/\/elcontainermed.com\/index.php\/wp-json\/wp\/v2\/product"}],"about":[{"href":"https:\/\/elcontainermed.com\/index.php\/wp-json\/wp\/v2\/types\/product"}],"replies":[{"embeddable":true,"href":"https:\/\/elcontainermed.com\/index.php\/wp-json\/wp\/v2\/comments?post=456"}],"wp:featuredmedia":[{"embeddable":true,"href":"https:\/\/elcontainermed.com\/index.php\/wp-json\/wp\/v2\/media\/498"}],"wp:attachment":[{"href":"https:\/\/elcontainermed.com\/index.php\/wp-json\/wp\/v2\/media?parent=456"}],"wp:term":[{"taxonomy":"product_brand","embeddable":true,"href":"https:\/\/elcontainermed.com\/index.php\/wp-json\/wp\/v2\/product_brand?post=456"},{"taxonomy":"product_cat","embeddable":true,"href":"https:\/\/elcontainermed.com\/index.php\/wp-json\/wp\/v2\/product_cat?post=456"},{"taxonomy":"product_tag","embeddable":true,"href":"https:\/\/elcontainermed.com\/index.php\/wp-json\/wp\/v2\/product_tag?post=456"}],"curies":[{"name":"wp","href":"https:\/\/api.w.org\/{rel}","templated":true}]}}