{"id":457,"date":"2025-07-25T11:19:03","date_gmt":"2025-07-25T16:19:03","guid":{"rendered":"http:\/\/localhost\/elcontainer\/?post_type=product&#038;p=457"},"modified":"2025-09-04T13:41:23","modified_gmt":"2025-09-04T18:41:23","slug":"orientica-oud-saffron","status":"publish","type":"product","link":"https:\/\/elcontainermed.com\/index.php\/producto\/orientica-oud-saffron\/","title":{"rendered":"Orientica Oud Saffron"},"content":{"rendered":"<p><strong>Orientica Oud Saffron<\/strong><\/p>\n<p>\ud83d\udce6 <strong>Presentaci\u00f3n<\/strong>: 80 ml<\/p>\n<p>\ud83d\udca7 <strong>Concentraci\u00f3n<\/strong>: Eau de Parfum<\/p>\n<p>\ud83c\udf38 <strong>Notas de salida:<\/strong> Vainilla y notas orientales<\/p>\n<p>\ud83d\udc96 <strong>Notas de coraz\u00f3n:<\/strong> Azafr\u00e1n y pachul\u00ed<\/p>\n<p>\ud83c\udf3f <strong>Notas de fondo:<\/strong> Madera de oud, madera de gaiac (guaiac) y almizcle<\/p>\n<p>Fragancia oriental amaderada intensa y especiada que abre con una dulzura oriental vinosa, evoluciona hacia un coraz\u00f3n c\u00e1lido y lujoso con azafr\u00e1n y pachul\u00ed, y culmina en una base profunda y envolvente de oud, gaiac y almizcle.<\/p>\n","protected":false},"excerpt":{"rendered":"<p>Opulenta y sofisticada: vainilla oriental especiada, coraz\u00f3n de azafr\u00e1n y pachul\u00ed, y un fondo intenso de oud y almizcle.<\/p>\n","protected":false},"featured_media":499,"comment_status":"open","ping_status":"closed","template":"","meta":{"_joinchat":[]},"product_brand":[105],"product_cat":[16,17,63],"product_tag":[],"class_list":{"0":"post-457","1":"product","2":"type-product","3":"status-publish","4":"has-post-thumbnail","6":"product_brand-orientica","7":"product_cat-hombre","8":"product_cat-mujer","9":"product_cat-unisex","10":"entry","11":"has-media","13":"first","14":"instock","15":"sale","16":"shipping-taxable","17":"purchasable","18":"product-type-simple","19":"col","20":"span_1_of_3","21":"wvn-content-left","22":"wvn-thumbs-layout-horizontal","23":"wvn-btn-normal","24":"wvn-tabs-layout-horizontal","25":"has-no-thumbnails","26":"circle-sale"},"_links":{"self":[{"href":"https:\/\/elcontainermed.com\/index.php\/wp-json\/wp\/v2\/product\/457","targetHints":{"allow":["GET"]}}],"collection":[{"href":"https:\/\/elcontainermed.com\/index.php\/wp-json\/wp\/v2\/product"}],"about":[{"href":"https:\/\/elcontainermed.com\/index.php\/wp-json\/wp\/v2\/types\/product"}],"replies":[{"embeddable":true,"href":"https:\/\/elcontainermed.com\/index.php\/wp-json\/wp\/v2\/comments?post=457"}],"wp:featuredmedia":[{"embeddable":true,"href":"https:\/\/elcontainermed.com\/index.php\/wp-json\/wp\/v2\/media\/499"}],"wp:attachment":[{"href":"https:\/\/elcontainermed.com\/index.php\/wp-json\/wp\/v2\/media?parent=457"}],"wp:term":[{"taxonomy":"product_brand","embeddable":true,"href":"https:\/\/elcontainermed.com\/index.php\/wp-json\/wp\/v2\/product_brand?post=457"},{"taxonomy":"product_cat","embeddable":true,"href":"https:\/\/elcontainermed.com\/index.php\/wp-json\/wp\/v2\/product_cat?post=457"},{"taxonomy":"product_tag","embeddable":true,"href":"https:\/\/elcontainermed.com\/index.php\/wp-json\/wp\/v2\/product_tag?post=457"}],"curies":[{"name":"wp","href":"https:\/\/api.w.org\/{rel}","templated":true}]}}