{"id":459,"date":"2025-07-25T11:19:03","date_gmt":"2025-07-25T16:19:03","guid":{"rendered":"http:\/\/localhost\/elcontainer\/?post_type=product&#038;p=459"},"modified":"2025-08-28T17:30:02","modified_gmt":"2025-08-28T22:30:02","slug":"moschino-toy-2-bubble-gum","status":"publish","type":"product","link":"https:\/\/elcontainermed.com\/index.php\/producto\/moschino-toy-2-bubble-gum\/","title":{"rendered":"Moschino Toy 2 Bubble Gum"},"content":{"rendered":"<p><strong>Toy 2 Bubble Gum \u2013 Moschino<\/strong><\/p>\n<p>\ud83d\udce6 <strong>Presentaci\u00f3n<\/strong>: 100 ml<\/p>\n<p>\ud83d\udca7 <strong>Concentraci\u00f3n<\/strong>: Eau de Toilette<\/p>\n<p>\ud83c\udf38 <strong>Notas de salida:<\/strong> Frutas confitadas, naranja amarga y lim\u00f3n (lima \u00e1cida)<\/p>\n<p>\ud83d\udc96 <strong>Notas de coraz\u00f3n:<\/strong> Acorde de chicle (bubble gum), rosa b\u00falgara, durazno, ar\u00e1ndano, flor de duraznero, canela, jengibre<\/p>\n<p>\ud83c\udf3f <strong>Notas de fondo:<\/strong> Almizcle, Ambrofix (una versi\u00f3n de ambroxan), y cedro<\/p>\n<p>Fragancia divertida, juvenil y dulce que abre con un estallido de c\u00edtricos confitados, evoluciona hacia un coraz\u00f3n nost\u00e1lgico de chicle, rosa y frutas jugosas, y se posa en una base suave, almizclada y amaderada.<\/p>\n","protected":false},"excerpt":{"rendered":"<p>Pegajosa y juguetona: chicle frutal y rosa sobre una base suave de almizcle y cedro.<\/p>\n","protected":false},"featured_media":512,"comment_status":"open","ping_status":"closed","template":"","meta":{"_joinchat":[]},"product_brand":[102],"product_cat":[17],"product_tag":[],"class_list":{"0":"post-459","1":"product","2":"type-product","3":"status-publish","4":"has-post-thumbnail","6":"product_brand-moschino","7":"product_cat-mujer","8":"entry","9":"has-media","11":"first","12":"instock","13":"shipping-taxable","14":"purchasable","15":"product-type-simple","16":"col","17":"span_1_of_3","18":"wvn-content-left","19":"wvn-thumbs-layout-horizontal","20":"wvn-btn-normal","21":"wvn-tabs-layout-horizontal","22":"has-no-thumbnails","23":"circle-sale"},"_links":{"self":[{"href":"https:\/\/elcontainermed.com\/index.php\/wp-json\/wp\/v2\/product\/459","targetHints":{"allow":["GET"]}}],"collection":[{"href":"https:\/\/elcontainermed.com\/index.php\/wp-json\/wp\/v2\/product"}],"about":[{"href":"https:\/\/elcontainermed.com\/index.php\/wp-json\/wp\/v2\/types\/product"}],"replies":[{"embeddable":true,"href":"https:\/\/elcontainermed.com\/index.php\/wp-json\/wp\/v2\/comments?post=459"}],"wp:featuredmedia":[{"embeddable":true,"href":"https:\/\/elcontainermed.com\/index.php\/wp-json\/wp\/v2\/media\/512"}],"wp:attachment":[{"href":"https:\/\/elcontainermed.com\/index.php\/wp-json\/wp\/v2\/media?parent=459"}],"wp:term":[{"taxonomy":"product_brand","embeddable":true,"href":"https:\/\/elcontainermed.com\/index.php\/wp-json\/wp\/v2\/product_brand?post=459"},{"taxonomy":"product_cat","embeddable":true,"href":"https:\/\/elcontainermed.com\/index.php\/wp-json\/wp\/v2\/product_cat?post=459"},{"taxonomy":"product_tag","embeddable":true,"href":"https:\/\/elcontainermed.com\/index.php\/wp-json\/wp\/v2\/product_tag?post=459"}],"curies":[{"name":"wp","href":"https:\/\/api.w.org\/{rel}","templated":true}]}}