{"id":478,"date":"2025-07-25T11:19:26","date_gmt":"2025-07-25T16:19:26","guid":{"rendered":"http:\/\/localhost\/elcontainer\/?post_type=product&#038;p=478"},"modified":"2025-09-04T15:18:15","modified_gmt":"2025-09-04T20:18:15","slug":"club-de-nuit","status":"publish","type":"product","link":"https:\/\/elcontainermed.com\/index.php\/producto\/club-de-nuit\/","title":{"rendered":"Club de Nuit"},"content":{"rendered":"<p><strong>Club de Nuit Man \u2013 Armaf<\/strong><\/p>\n<p>\ud83d\udce6 <strong>Presentaci\u00f3n<\/strong>: 100 ml<\/p>\n<p>\ud83d\udca7 <strong>Concentraci\u00f3n<\/strong>: Eau de Toilette<\/p>\n<p>\ud83c\udf38 <strong>Notas de salida:<\/strong> Mandarina, pomelo, menta<\/p>\n<p>\ud83d\udc96 <strong>Notas de coraz\u00f3n:<\/strong> Canela, clavo de olor, jengibre, pimienta<\/p>\n<p>\ud83c\udf3f <strong>Notas de fondo:<\/strong> \u00c1mbar, cuero, maderas, pachul\u00ed<\/p>\n<p>Fragancia masculina especiada y c\u00edtrica que abre con un frescor vibrante de c\u00edtricos y menta, evoluciona hacia un coraz\u00f3n c\u00e1lido y picante, y culmina en una base rica en maderas y cuero.<\/p>\n","protected":false},"excerpt":{"rendered":"<p>Equilibrado y seductor, une frescor c\u00edtrico y especiado con una estela masculina de cuero y maderas c\u00e1lidas.<\/p>\n","protected":false},"featured_media":519,"comment_status":"open","ping_status":"closed","template":"","meta":{"_joinchat":[]},"product_brand":[84],"product_cat":[16],"product_tag":[],"class_list":{"0":"post-478","1":"product","2":"type-product","3":"status-publish","4":"has-post-thumbnail","6":"product_brand-armaf","7":"product_cat-hombre","8":"entry","9":"has-media","11":"first","12":"instock","13":"sale","14":"shipping-taxable","15":"purchasable","16":"product-type-simple","17":"col","18":"span_1_of_3","19":"wvn-content-left","20":"wvn-thumbs-layout-horizontal","21":"wvn-btn-normal","22":"wvn-tabs-layout-horizontal","23":"has-no-thumbnails","24":"circle-sale"},"_links":{"self":[{"href":"https:\/\/elcontainermed.com\/index.php\/wp-json\/wp\/v2\/product\/478","targetHints":{"allow":["GET"]}}],"collection":[{"href":"https:\/\/elcontainermed.com\/index.php\/wp-json\/wp\/v2\/product"}],"about":[{"href":"https:\/\/elcontainermed.com\/index.php\/wp-json\/wp\/v2\/types\/product"}],"replies":[{"embeddable":true,"href":"https:\/\/elcontainermed.com\/index.php\/wp-json\/wp\/v2\/comments?post=478"}],"wp:featuredmedia":[{"embeddable":true,"href":"https:\/\/elcontainermed.com\/index.php\/wp-json\/wp\/v2\/media\/519"}],"wp:attachment":[{"href":"https:\/\/elcontainermed.com\/index.php\/wp-json\/wp\/v2\/media?parent=478"}],"wp:term":[{"taxonomy":"product_brand","embeddable":true,"href":"https:\/\/elcontainermed.com\/index.php\/wp-json\/wp\/v2\/product_brand?post=478"},{"taxonomy":"product_cat","embeddable":true,"href":"https:\/\/elcontainermed.com\/index.php\/wp-json\/wp\/v2\/product_cat?post=478"},{"taxonomy":"product_tag","embeddable":true,"href":"https:\/\/elcontainermed.com\/index.php\/wp-json\/wp\/v2\/product_tag?post=478"}],"curies":[{"name":"wp","href":"https:\/\/api.w.org\/{rel}","templated":true}]}}