{"id":479,"date":"2025-07-25T11:19:26","date_gmt":"2025-07-25T16:19:26","guid":{"rendered":"http:\/\/localhost\/elcontainer\/?post_type=product&#038;p=479"},"modified":"2025-08-31T13:56:45","modified_gmt":"2025-08-31T18:56:45","slug":"acqua-di-gio-profondo","status":"publish","type":"product","link":"https:\/\/elcontainermed.com\/index.php\/producto\/acqua-di-gio-profondo\/","title":{"rendered":"Acqua di Gio Profondo"},"content":{"rendered":"<p><strong>Acqua di Gio Profondo \u2013 Giorgio Armani<\/strong><\/p>\n<p>\ud83d\udce6 <strong>Presentaci\u00f3n<\/strong>: 125 ml<\/p>\n<p>\ud83d\udca7 <strong>Concentraci\u00f3n<\/strong>: Eau de Parfum<\/p>\n<p>\ud83c\udf38 <strong>Notas de salida:<\/strong> Notas marinas, Aquozone, bergamota, mandarina verde<\/p>\n<p>\ud83d\udc96 <strong>Notas de coraz\u00f3n:<\/strong> Romero, lavanda, cipr\u00e9s, resina de lentisco<\/p>\n<p>\ud83c\udf3f <strong>Notas de fondo:<\/strong> Notas minerales, almizcle, pachul\u00ed, \u00e1mbar mineral (\u00e1mbar)<\/p>\n<p>Fragancia arom\u00e1tica-acu\u00e1tica masculina con una apertura fresca y vibrante dominada por notas marinas c\u00edtricas y Ozono, que evoluciona hacia un coraz\u00f3n herbal sofisticado y culmina en una base mineral, amaderada y almizclada.<\/p>\n","protected":false},"excerpt":{"rendered":"<p>Moderna y refrescante: notas marinas y c\u00edtricas vibrantes sobre un coraz\u00f3n herbal y una estela mineral c\u00e1lida.<\/p>\n","protected":false},"featured_media":520,"comment_status":"open","ping_status":"closed","template":"","meta":{"_joinchat":[]},"product_brand":[69],"product_cat":[16],"product_tag":[],"class_list":{"0":"post-479","1":"product","2":"type-product","3":"status-publish","4":"has-post-thumbnail","6":"product_brand-giorgio-armani","7":"product_cat-hombre","8":"entry","9":"has-media","11":"first","12":"instock","13":"shipping-taxable","14":"purchasable","15":"product-type-simple","16":"col","17":"span_1_of_3","18":"wvn-content-left","19":"wvn-thumbs-layout-horizontal","20":"wvn-btn-normal","21":"wvn-tabs-layout-horizontal","22":"has-no-thumbnails","23":"circle-sale"},"_links":{"self":[{"href":"https:\/\/elcontainermed.com\/index.php\/wp-json\/wp\/v2\/product\/479","targetHints":{"allow":["GET"]}}],"collection":[{"href":"https:\/\/elcontainermed.com\/index.php\/wp-json\/wp\/v2\/product"}],"about":[{"href":"https:\/\/elcontainermed.com\/index.php\/wp-json\/wp\/v2\/types\/product"}],"replies":[{"embeddable":true,"href":"https:\/\/elcontainermed.com\/index.php\/wp-json\/wp\/v2\/comments?post=479"}],"wp:featuredmedia":[{"embeddable":true,"href":"https:\/\/elcontainermed.com\/index.php\/wp-json\/wp\/v2\/media\/520"}],"wp:attachment":[{"href":"https:\/\/elcontainermed.com\/index.php\/wp-json\/wp\/v2\/media?parent=479"}],"wp:term":[{"taxonomy":"product_brand","embeddable":true,"href":"https:\/\/elcontainermed.com\/index.php\/wp-json\/wp\/v2\/product_brand?post=479"},{"taxonomy":"product_cat","embeddable":true,"href":"https:\/\/elcontainermed.com\/index.php\/wp-json\/wp\/v2\/product_cat?post=479"},{"taxonomy":"product_tag","embeddable":true,"href":"https:\/\/elcontainermed.com\/index.php\/wp-json\/wp\/v2\/product_tag?post=479"}],"curies":[{"name":"wp","href":"https:\/\/api.w.org\/{rel}","templated":true}]}}