{"id":480,"date":"2025-07-25T11:19:26","date_gmt":"2025-07-25T16:19:26","guid":{"rendered":"http:\/\/localhost\/elcontainer\/?post_type=product&#038;p=480"},"modified":"2025-12-05T01:36:49","modified_gmt":"2025-12-05T06:36:49","slug":"lattafa-yara","status":"publish","type":"product","link":"https:\/\/elcontainermed.com\/index.php\/producto\/lattafa-yara\/","title":{"rendered":"Lattafa Yara"},"content":{"rendered":"<p>Lattafa Yara<\/p>\n<p>\ud83d\udce6 <strong>Presentaci\u00f3n<\/strong>: 100 ml<\/p>\n<p>\ud83d\udca7 <strong>Concentraci\u00f3n<\/strong>: Eau de Parfum (\u00c1mbar \/ Vainilla \u2013 Oriental Floral)<\/p>\n<p>\ud83c\udf38 <strong>Notas de salida:<\/strong> Mandarina (naranja tangerina), heliotropo, orqu\u00eddea<\/p>\n<p>\ud83d\udc96 <strong>Notas de coraz\u00f3n:<\/strong> Acorde gourmand, frutas tropicales<\/p>\n<p>\ud83c\udf3f <strong>Notas de fondo:<\/strong> Vainilla, almizcle, s\u00e1ndalo<\/p>\n<p>Fragancia oriental gourmand femenina con una apertura c\u00edtrica y floral dulce que se funde en un coraz\u00f3n jugoso y envolvente, asent\u00e1ndose sobre una base c\u00e1lida de vainilla, almizcle y s\u00e1ndalo.<\/p>\n","protected":false},"excerpt":{"rendered":"<p>Dulce y cautivadora: c\u00edtricos suaves, gourmand tropical y una base c\u00e1lida de vainilla y s\u00e1ndalo.<\/p>\n","protected":false},"featured_media":2977,"comment_status":"open","ping_status":"closed","template":"","meta":{"_joinchat":[]},"product_brand":[99],"product_cat":[17],"product_tag":[],"class_list":{"0":"post-480","1":"product","2":"type-product","3":"status-publish","4":"has-post-thumbnail","6":"product_brand-lattafa","7":"product_cat-mujer","8":"entry","9":"has-media","11":"first","12":"instock","13":"sale","14":"shipping-taxable","15":"purchasable","16":"product-type-simple","17":"col","18":"span_1_of_3","19":"wvn-content-left","20":"wvn-thumbs-layout-horizontal","21":"wvn-btn-normal","22":"wvn-tabs-layout-horizontal","23":"has-no-thumbnails","24":"circle-sale"},"_links":{"self":[{"href":"https:\/\/elcontainermed.com\/index.php\/wp-json\/wp\/v2\/product\/480","targetHints":{"allow":["GET"]}}],"collection":[{"href":"https:\/\/elcontainermed.com\/index.php\/wp-json\/wp\/v2\/product"}],"about":[{"href":"https:\/\/elcontainermed.com\/index.php\/wp-json\/wp\/v2\/types\/product"}],"replies":[{"embeddable":true,"href":"https:\/\/elcontainermed.com\/index.php\/wp-json\/wp\/v2\/comments?post=480"}],"wp:featuredmedia":[{"embeddable":true,"href":"https:\/\/elcontainermed.com\/index.php\/wp-json\/wp\/v2\/media\/2977"}],"wp:attachment":[{"href":"https:\/\/elcontainermed.com\/index.php\/wp-json\/wp\/v2\/media?parent=480"}],"wp:term":[{"taxonomy":"product_brand","embeddable":true,"href":"https:\/\/elcontainermed.com\/index.php\/wp-json\/wp\/v2\/product_brand?post=480"},{"taxonomy":"product_cat","embeddable":true,"href":"https:\/\/elcontainermed.com\/index.php\/wp-json\/wp\/v2\/product_cat?post=480"},{"taxonomy":"product_tag","embeddable":true,"href":"https:\/\/elcontainermed.com\/index.php\/wp-json\/wp\/v2\/product_tag?post=480"}],"curies":[{"name":"wp","href":"https:\/\/api.w.org\/{rel}","templated":true}]}}