{"id":485,"date":"2025-07-25T11:19:27","date_gmt":"2025-07-25T16:19:27","guid":{"rendered":"http:\/\/localhost\/elcontainer\/?post_type=product&#038;p=485"},"modified":"2025-08-27T23:16:39","modified_gmt":"2025-08-28T04:16:39","slug":"bond-n-9-bleecker-street","status":"publish","type":"product","link":"https:\/\/elcontainermed.com\/index.php\/producto\/bond-n-9-bleecker-street\/","title":{"rendered":"Bond No. 9 Bleecker Street"},"content":{"rendered":"<p><strong>Bleecker Street \u2013 Bond No. 9<\/strong><\/p>\n<p>\ud83d\udce6 <strong>Presentaci\u00f3n<\/strong>: 100 ml<\/p>\n<p>\ud83d\udca7 <strong>Concentraci\u00f3n<\/strong>: Eau de Parfum<\/p>\n<p>\ud83c\udf38 <strong>Notas de salida:<\/strong> Hoja de violeta, ar\u00e1ndano (blueberry\/cassis), tomillo<\/p>\n<p>\ud83d\udc96 <strong>Notas de coraz\u00f3n:<\/strong> Cedro, jazm\u00edn, canela<\/p>\n<p>\ud83c\udf3f <strong>Notas de fondo:<\/strong> \u00c1mbar, pachul\u00ed, madera de roble (musgo de roble), vainilla, caramelo<\/p>\n<p>Fragancia unisex sofisticada que comienza con una frescura frutal-dehervada gracias al ar\u00e1ndano y las hojas de violeta, se torna c\u00e1lida con canela y cedro en el coraz\u00f3n, y culmina en un fondo gourmand amaderado con vainilla, caramelo y \u00e1mbar.<\/p>\n","protected":false},"excerpt":{"rendered":"<p>Elegante y moderna, une frescura frutal y especiada con un fondo c\u00e1lido de caramelo y madera.<\/p>\n","protected":false},"featured_media":533,"comment_status":"open","ping_status":"closed","template":"","meta":{"_joinchat":[]},"product_brand":[78],"product_cat":[16,17,63],"product_tag":[],"class_list":{"0":"post-485","1":"product","2":"type-product","3":"status-publish","4":"has-post-thumbnail","6":"product_brand-bond-9","7":"product_cat-hombre","8":"product_cat-mujer","9":"product_cat-unisex","10":"entry","11":"has-media","13":"first","14":"instock","15":"shipping-taxable","16":"purchasable","17":"product-type-simple","18":"col","19":"span_1_of_3","20":"wvn-content-left","21":"wvn-thumbs-layout-horizontal","22":"wvn-btn-normal","23":"wvn-tabs-layout-horizontal","24":"has-no-thumbnails","25":"circle-sale"},"_links":{"self":[{"href":"https:\/\/elcontainermed.com\/index.php\/wp-json\/wp\/v2\/product\/485","targetHints":{"allow":["GET"]}}],"collection":[{"href":"https:\/\/elcontainermed.com\/index.php\/wp-json\/wp\/v2\/product"}],"about":[{"href":"https:\/\/elcontainermed.com\/index.php\/wp-json\/wp\/v2\/types\/product"}],"replies":[{"embeddable":true,"href":"https:\/\/elcontainermed.com\/index.php\/wp-json\/wp\/v2\/comments?post=485"}],"wp:featuredmedia":[{"embeddable":true,"href":"https:\/\/elcontainermed.com\/index.php\/wp-json\/wp\/v2\/media\/533"}],"wp:attachment":[{"href":"https:\/\/elcontainermed.com\/index.php\/wp-json\/wp\/v2\/media?parent=485"}],"wp:term":[{"taxonomy":"product_brand","embeddable":true,"href":"https:\/\/elcontainermed.com\/index.php\/wp-json\/wp\/v2\/product_brand?post=485"},{"taxonomy":"product_cat","embeddable":true,"href":"https:\/\/elcontainermed.com\/index.php\/wp-json\/wp\/v2\/product_cat?post=485"},{"taxonomy":"product_tag","embeddable":true,"href":"https:\/\/elcontainermed.com\/index.php\/wp-json\/wp\/v2\/product_tag?post=485"}],"curies":[{"name":"wp","href":"https:\/\/api.w.org\/{rel}","templated":true}]}}