{"id":486,"date":"2025-07-25T11:19:27","date_gmt":"2025-07-25T16:19:27","guid":{"rendered":"http:\/\/localhost\/elcontainer\/?post_type=product&#038;p=486"},"modified":"2025-12-05T01:36:36","modified_gmt":"2025-12-05T06:36:36","slug":"lattafa-yara-asad","status":"publish","type":"product","link":"https:\/\/elcontainermed.com\/index.php\/producto\/lattafa-yara-asad\/","title":{"rendered":"Lattafa Asad"},"content":{"rendered":"<p><strong>Lattafa Asad<\/strong><\/p>\n<p>\ud83d\udce6 <strong>Presentaci\u00f3n<\/strong>: 100 ml<\/p>\n<p>\ud83d\udca7 <strong>Concentraci\u00f3n<\/strong>: Eau de Parfum (lanzado en 2021)<\/p>\n<p>\ud83c\udf38 <strong>Notas de salida:<\/strong> Pimienta negra, pi\u00f1a y tabaco<\/p>\n<p>\ud83d\udc96 <strong>Notas de coraz\u00f3n:<\/strong> Caf\u00e9, pachul\u00ed e iris<\/p>\n<p>\ud83c\udf3f <strong>Notas de fondo:<\/strong> Vainilla, \u00e1mbar, madera seca, benju\u00ed y l\u00e1dano<\/p>\n<p>Fragancia masculina oriental intensa y c\u00e1lida, que inicia con una mezcla especiada y afrutada de pimienta negra, pi\u00f1a y tabaco. Evoluciona hacia un coraz\u00f3n terroso y sofisticado con caf\u00e9, pachul\u00ed e iris, asent\u00e1ndose en una base dulce y resinosa de vainilla, \u00e1mbar y maderas secas.<\/p>\n","protected":false},"excerpt":{"rendered":"<p>Intenso y elegante, mezcla especias afrutadas y tabaco con un fondo c\u00e1lido de vainilla y resinas.<\/p>\n","protected":false},"featured_media":2957,"comment_status":"open","ping_status":"closed","template":"","meta":{"_joinchat":[]},"product_brand":[99],"product_cat":[16],"product_tag":[],"class_list":{"0":"post-486","1":"product","2":"type-product","3":"status-publish","4":"has-post-thumbnail","6":"product_brand-lattafa","7":"product_cat-hombre","8":"entry","9":"has-media","11":"first","12":"instock","13":"sale","14":"shipping-taxable","15":"purchasable","16":"product-type-simple","17":"col","18":"span_1_of_3","19":"wvn-content-left","20":"wvn-thumbs-layout-horizontal","21":"wvn-btn-normal","22":"wvn-tabs-layout-horizontal","23":"has-no-thumbnails","24":"circle-sale"},"_links":{"self":[{"href":"https:\/\/elcontainermed.com\/index.php\/wp-json\/wp\/v2\/product\/486","targetHints":{"allow":["GET"]}}],"collection":[{"href":"https:\/\/elcontainermed.com\/index.php\/wp-json\/wp\/v2\/product"}],"about":[{"href":"https:\/\/elcontainermed.com\/index.php\/wp-json\/wp\/v2\/types\/product"}],"replies":[{"embeddable":true,"href":"https:\/\/elcontainermed.com\/index.php\/wp-json\/wp\/v2\/comments?post=486"}],"wp:featuredmedia":[{"embeddable":true,"href":"https:\/\/elcontainermed.com\/index.php\/wp-json\/wp\/v2\/media\/2957"}],"wp:attachment":[{"href":"https:\/\/elcontainermed.com\/index.php\/wp-json\/wp\/v2\/media?parent=486"}],"wp:term":[{"taxonomy":"product_brand","embeddable":true,"href":"https:\/\/elcontainermed.com\/index.php\/wp-json\/wp\/v2\/product_brand?post=486"},{"taxonomy":"product_cat","embeddable":true,"href":"https:\/\/elcontainermed.com\/index.php\/wp-json\/wp\/v2\/product_cat?post=486"},{"taxonomy":"product_tag","embeddable":true,"href":"https:\/\/elcontainermed.com\/index.php\/wp-json\/wp\/v2\/product_tag?post=486"}],"curies":[{"name":"wp","href":"https:\/\/api.w.org\/{rel}","templated":true}]}}