{"id":488,"date":"2025-07-25T11:19:28","date_gmt":"2025-07-25T16:19:28","guid":{"rendered":"http:\/\/localhost\/elcontainer\/?post_type=product&#038;p=488"},"modified":"2025-08-27T23:04:35","modified_gmt":"2025-08-28T04:04:35","slug":"phantom-legion","status":"publish","type":"product","link":"https:\/\/elcontainermed.com\/index.php\/producto\/phantom-legion\/","title":{"rendered":"Phantom Legion"},"content":{"rendered":"<p><strong>Phantom Legion \u2013 Paco Rabanne<\/strong><\/p>\n<p>\ud83d\udce6 <strong>Presentaci\u00f3n<\/strong>: 100 ml<\/p>\n<p>\ud83d\udca7 <strong>Concentraci\u00f3n<\/strong>: Eau de Toilette<\/p>\n<p>\ud83c\udf38 <strong>Notas de salida:<\/strong> Lim\u00f3n (ralladura de lim\u00f3n), lavanda<\/p>\n<p>\ud83d\udc96 <strong>Notas de coraz\u00f3n:<\/strong> Humo, pachul\u00ed, lavanda, manzana, notas terrosas<\/p>\n<p>\ud83c\udf3f <strong>Notas de fondo:<\/strong> Lavanda, vetiver y vainilla<\/p>\n<p>Fragancia masculina moderna que fusiona frescor c\u00edtrico y lavanda cremosa con un toque ahumado y frutal en el coraz\u00f3n, y se asienta en una base c\u00e1lida y envolvente de vetiver y vainilla.<\/p>\n","protected":false},"excerpt":{"rendered":"<p>Vibrante y audaz, combina lim\u00f3n y lavanda cremosa con matices ahumados y un fondo c\u00e1lido de vainilla.<\/p>\n","protected":false},"featured_media":534,"comment_status":"open","ping_status":"closed","template":"","meta":{"_joinchat":[]},"product_brand":[77],"product_cat":[16],"product_tag":[],"class_list":{"0":"post-488","1":"product","2":"type-product","3":"status-publish","4":"has-post-thumbnail","6":"product_brand-paco-rabanne","7":"product_cat-hombre","8":"entry","9":"has-media","11":"first","12":"instock","13":"shipping-taxable","14":"purchasable","15":"product-type-simple","16":"col","17":"span_1_of_3","18":"wvn-content-left","19":"wvn-thumbs-layout-horizontal","20":"wvn-btn-normal","21":"wvn-tabs-layout-horizontal","22":"has-no-thumbnails","23":"circle-sale"},"_links":{"self":[{"href":"https:\/\/elcontainermed.com\/index.php\/wp-json\/wp\/v2\/product\/488","targetHints":{"allow":["GET"]}}],"collection":[{"href":"https:\/\/elcontainermed.com\/index.php\/wp-json\/wp\/v2\/product"}],"about":[{"href":"https:\/\/elcontainermed.com\/index.php\/wp-json\/wp\/v2\/types\/product"}],"replies":[{"embeddable":true,"href":"https:\/\/elcontainermed.com\/index.php\/wp-json\/wp\/v2\/comments?post=488"}],"wp:featuredmedia":[{"embeddable":true,"href":"https:\/\/elcontainermed.com\/index.php\/wp-json\/wp\/v2\/media\/534"}],"wp:attachment":[{"href":"https:\/\/elcontainermed.com\/index.php\/wp-json\/wp\/v2\/media?parent=488"}],"wp:term":[{"taxonomy":"product_brand","embeddable":true,"href":"https:\/\/elcontainermed.com\/index.php\/wp-json\/wp\/v2\/product_brand?post=488"},{"taxonomy":"product_cat","embeddable":true,"href":"https:\/\/elcontainermed.com\/index.php\/wp-json\/wp\/v2\/product_cat?post=488"},{"taxonomy":"product_tag","embeddable":true,"href":"https:\/\/elcontainermed.com\/index.php\/wp-json\/wp\/v2\/product_tag?post=488"}],"curies":[{"name":"wp","href":"https:\/\/api.w.org\/{rel}","templated":true}]}}