{"id":502,"date":"2025-07-25T11:19:51","date_gmt":"2025-07-25T16:19:51","guid":{"rendered":"http:\/\/localhost\/elcontainer\/?post_type=product&#038;p=502"},"modified":"2025-08-27T23:17:34","modified_gmt":"2025-08-28T04:17:34","slug":"bond-9-brooklyn","status":"publish","type":"product","link":"https:\/\/elcontainermed.com\/index.php\/producto\/bond-9-brooklyn\/","title":{"rendered":"Bond No. 9 Brooklyn"},"content":{"rendered":"<p><strong>Brooklyn \u2013 Bond No. 9<\/strong><\/p>\n<p>\ud83d\udce6 <strong>Presentaci\u00f3n<\/strong>: 100 ml<\/p>\n<p>\ud83d\udca7 <strong>Concentraci\u00f3n<\/strong>: Eau de Parfum \u2014 unisex<\/p>\n<p>\ud83c\udf38 <strong>Notas de salida:<\/strong> Pomelo (grapefruit), cardamomo<\/p>\n<p>\ud83d\udc96 <strong>Notas de coraz\u00f3n:<\/strong> Cipr\u00e9s, ginebra, enebro de Virginia (juniper berries), hojas de geranio<\/p>\n<p>\ud83c\udf3f <strong>Notas de fondo:<\/strong> Cedro, madera de gaiac (guaiac wood), cuero<\/p>\n<p>Fragancia oriental especiada unisex que inicia con un frescor c\u00edtrico y especiado. El coraz\u00f3n muestra una mezcla arom\u00e1tica y verde con notas de cipr\u00e9s y ginebra, mientras que la base aporta profundidad con madera c\u00e1lida y cuero sofisticado.<\/p>\n","protected":false},"excerpt":{"rendered":"<p>Urbana y audaz, fusiona c\u00edtricos especiados, arom\u00e1ticos herbales y un fondo de cuero amaderado.<\/p>\n","protected":false},"featured_media":2931,"comment_status":"open","ping_status":"closed","template":"","meta":{"_joinchat":[]},"product_brand":[78],"product_cat":[16,17,63],"product_tag":[],"class_list":{"0":"post-502","1":"product","2":"type-product","3":"status-publish","4":"has-post-thumbnail","6":"product_brand-bond-9","7":"product_cat-hombre","8":"product_cat-mujer","9":"product_cat-unisex","10":"entry","11":"has-media","13":"first","14":"instock","15":"shipping-taxable","16":"purchasable","17":"product-type-simple","18":"col","19":"span_1_of_3","20":"wvn-content-left","21":"wvn-thumbs-layout-horizontal","22":"wvn-btn-normal","23":"wvn-tabs-layout-horizontal","24":"has-no-thumbnails","25":"circle-sale"},"_links":{"self":[{"href":"https:\/\/elcontainermed.com\/index.php\/wp-json\/wp\/v2\/product\/502","targetHints":{"allow":["GET"]}}],"collection":[{"href":"https:\/\/elcontainermed.com\/index.php\/wp-json\/wp\/v2\/product"}],"about":[{"href":"https:\/\/elcontainermed.com\/index.php\/wp-json\/wp\/v2\/types\/product"}],"replies":[{"embeddable":true,"href":"https:\/\/elcontainermed.com\/index.php\/wp-json\/wp\/v2\/comments?post=502"}],"wp:featuredmedia":[{"embeddable":true,"href":"https:\/\/elcontainermed.com\/index.php\/wp-json\/wp\/v2\/media\/2931"}],"wp:attachment":[{"href":"https:\/\/elcontainermed.com\/index.php\/wp-json\/wp\/v2\/media?parent=502"}],"wp:term":[{"taxonomy":"product_brand","embeddable":true,"href":"https:\/\/elcontainermed.com\/index.php\/wp-json\/wp\/v2\/product_brand?post=502"},{"taxonomy":"product_cat","embeddable":true,"href":"https:\/\/elcontainermed.com\/index.php\/wp-json\/wp\/v2\/product_cat?post=502"},{"taxonomy":"product_tag","embeddable":true,"href":"https:\/\/elcontainermed.com\/index.php\/wp-json\/wp\/v2\/product_tag?post=502"}],"curies":[{"name":"wp","href":"https:\/\/api.w.org\/{rel}","templated":true}]}}