{"id":504,"date":"2025-07-25T11:19:51","date_gmt":"2025-07-25T16:19:51","guid":{"rendered":"http:\/\/localhost\/elcontainer\/?post_type=product&#038;p=504"},"modified":"2025-08-27T22:35:16","modified_gmt":"2025-08-28T03:35:16","slug":"sauvage-elixir","status":"publish","type":"product","link":"https:\/\/elcontainermed.com\/index.php\/producto\/sauvage-elixir\/","title":{"rendered":"Sauvage Elixir"},"content":{"rendered":"<p><strong>Dior Sauvage Elixir<\/strong><\/p>\n<p>\ud83d\udce6 <strong>Presentaci\u00f3n<\/strong>: 60 ml<\/p>\n<p>\ud83d\udca7 <strong>Concentraci\u00f3n<\/strong>: Eau de Parfum extremadamente concentrado, m\u00e1s intenso que la versi\u00f3n Parfum<\/p>\n<p>\ud83c\udf38 <strong>Notas de salida:<\/strong> Toronja, nuez moscada, canela y cardamomo<\/p>\n<p>\ud83d\udc96 <strong>Notas de coraz\u00f3n:<\/strong> Lavanda AOP de Nyons personalizada, rica y floral<\/p>\n<p>\ud83c\udf3f <strong>Notas de fondo:<\/strong> Regaliz, s\u00e1ndalo, \u00e1mbar, pachul\u00ed y vetiver de Hait\u00ed<\/p>\n<p>Fragancia masculina especiada, c\u00e1lida y envolvente: abre con un golpe potente y refinado de toronja y especias arom\u00e1ticas, fluyendo hacia un coraz\u00f3n de lavanda elegante y profundo, y asent\u00e1ndose en una base rica y sofisticada de maderas, \u00e1mbar y vetiver.<\/p>\n","protected":false},"excerpt":{"rendered":"<p>Intenso y sofisticado, mezcla especias vibrantes y lavanda amaderada con una estela rica y c\u00e1lida.<\/p>\n","protected":false},"featured_media":2967,"comment_status":"open","ping_status":"closed","template":"","meta":{"_joinchat":[]},"product_brand":[88],"product_cat":[16],"product_tag":[],"class_list":{"0":"post-504","1":"product","2":"type-product","3":"status-publish","4":"has-post-thumbnail","6":"product_brand-dior","7":"product_cat-hombre","8":"entry","9":"has-media","11":"first","12":"instock","13":"shipping-taxable","14":"purchasable","15":"product-type-simple","16":"col","17":"span_1_of_3","18":"wvn-content-left","19":"wvn-thumbs-layout-horizontal","20":"wvn-btn-normal","21":"wvn-tabs-layout-horizontal","22":"has-no-thumbnails","23":"circle-sale"},"_links":{"self":[{"href":"https:\/\/elcontainermed.com\/index.php\/wp-json\/wp\/v2\/product\/504","targetHints":{"allow":["GET"]}}],"collection":[{"href":"https:\/\/elcontainermed.com\/index.php\/wp-json\/wp\/v2\/product"}],"about":[{"href":"https:\/\/elcontainermed.com\/index.php\/wp-json\/wp\/v2\/types\/product"}],"replies":[{"embeddable":true,"href":"https:\/\/elcontainermed.com\/index.php\/wp-json\/wp\/v2\/comments?post=504"}],"wp:featuredmedia":[{"embeddable":true,"href":"https:\/\/elcontainermed.com\/index.php\/wp-json\/wp\/v2\/media\/2967"}],"wp:attachment":[{"href":"https:\/\/elcontainermed.com\/index.php\/wp-json\/wp\/v2\/media?parent=504"}],"wp:term":[{"taxonomy":"product_brand","embeddable":true,"href":"https:\/\/elcontainermed.com\/index.php\/wp-json\/wp\/v2\/product_brand?post=504"},{"taxonomy":"product_cat","embeddable":true,"href":"https:\/\/elcontainermed.com\/index.php\/wp-json\/wp\/v2\/product_cat?post=504"},{"taxonomy":"product_tag","embeddable":true,"href":"https:\/\/elcontainermed.com\/index.php\/wp-json\/wp\/v2\/product_tag?post=504"}],"curies":[{"name":"wp","href":"https:\/\/api.w.org\/{rel}","templated":true}]}}