{"id":507,"date":"2025-07-25T11:19:51","date_gmt":"2025-07-25T16:19:51","guid":{"rendered":"http:\/\/localhost\/elcontainer\/?post_type=product&#038;p=507"},"modified":"2025-08-27T22:31:34","modified_gmt":"2025-08-28T03:31:34","slug":"lattafa-khamrah","status":"publish","type":"product","link":"https:\/\/elcontainermed.com\/index.php\/producto\/lattafa-khamrah\/","title":{"rendered":"Lattafa Khamrah"},"content":{"rendered":"<p><strong>Lattafa Khamrah<\/strong><\/p>\n<p>\ud83d\udce6 <strong>Presentaci\u00f3n<\/strong>: 100 ml<\/p>\n<p>\ud83d\udca7 <strong>Concentraci\u00f3n<\/strong>: Eau de Parfum<\/p>\n<p>\ud83c\udf38 <strong>Notas de salida:<\/strong> Bergamota, canela, nuez moscada<\/p>\n<p>\ud83d\udc96 <strong>Notas de coraz\u00f3n:<\/strong> D\u00e1tiles, pralin\u00e9, nardo, tuberosa<\/p>\n<p>\ud83c\udf3f <strong>Notas de fondo:<\/strong> Vainilla, haba tonka, \u00e1mbar madera, mirra, benju\u00ed<\/p>\n<p>Fragancia unisex gourmet y especiada: abre con un luminoso tr\u00edo especiado y c\u00edtrico, evoluciona a un coraz\u00f3n dulce y cremoso con d\u00e1tiles y pralin\u00e9, y se posa sobre una c\u00e1lida base de vainilla, tonka, resinas y maderas modernas .<\/p>\n","protected":false},"excerpt":{"rendered":"<p>C\u00e1lida, dulce y sofisticada: canela especiada y pralin\u00e9 cremoso sobre una base intensa de vainilla y maderas resinadas.<\/p>\n","protected":false},"featured_media":2956,"comment_status":"open","ping_status":"closed","template":"","meta":{"_joinchat":[]},"product_brand":[99],"product_cat":[16,17,63],"product_tag":[],"class_list":{"0":"post-507","1":"product","2":"type-product","3":"status-publish","4":"has-post-thumbnail","6":"product_brand-lattafa","7":"product_cat-hombre","8":"product_cat-mujer","9":"product_cat-unisex","10":"entry","11":"has-media","13":"first","14":"instock","15":"shipping-taxable","16":"purchasable","17":"product-type-simple","18":"col","19":"span_1_of_3","20":"wvn-content-left","21":"wvn-thumbs-layout-horizontal","22":"wvn-btn-normal","23":"wvn-tabs-layout-horizontal","24":"has-no-thumbnails","25":"circle-sale"},"_links":{"self":[{"href":"https:\/\/elcontainermed.com\/index.php\/wp-json\/wp\/v2\/product\/507","targetHints":{"allow":["GET"]}}],"collection":[{"href":"https:\/\/elcontainermed.com\/index.php\/wp-json\/wp\/v2\/product"}],"about":[{"href":"https:\/\/elcontainermed.com\/index.php\/wp-json\/wp\/v2\/types\/product"}],"replies":[{"embeddable":true,"href":"https:\/\/elcontainermed.com\/index.php\/wp-json\/wp\/v2\/comments?post=507"}],"wp:featuredmedia":[{"embeddable":true,"href":"https:\/\/elcontainermed.com\/index.php\/wp-json\/wp\/v2\/media\/2956"}],"wp:attachment":[{"href":"https:\/\/elcontainermed.com\/index.php\/wp-json\/wp\/v2\/media?parent=507"}],"wp:term":[{"taxonomy":"product_brand","embeddable":true,"href":"https:\/\/elcontainermed.com\/index.php\/wp-json\/wp\/v2\/product_brand?post=507"},{"taxonomy":"product_cat","embeddable":true,"href":"https:\/\/elcontainermed.com\/index.php\/wp-json\/wp\/v2\/product_cat?post=507"},{"taxonomy":"product_tag","embeddable":true,"href":"https:\/\/elcontainermed.com\/index.php\/wp-json\/wp\/v2\/product_tag?post=507"}],"curies":[{"name":"wp","href":"https:\/\/api.w.org\/{rel}","templated":true}]}}