{"id":508,"date":"2025-07-25T11:19:51","date_gmt":"2025-07-25T16:19:51","guid":{"rendered":"http:\/\/localhost\/elcontainer\/?post_type=product&#038;p=508"},"modified":"2025-09-04T15:33:00","modified_gmt":"2025-09-04T20:33:00","slug":"invictus-intense","status":"publish","type":"product","link":"https:\/\/elcontainermed.com\/index.php\/producto\/invictus-intense\/","title":{"rendered":"Invictus Intense"},"content":{"rendered":"<p><strong>Invictus Intense \u2013 Paco Rabanne<\/strong><\/p>\n<p>\ud83d\udce6 <strong>Presentaci\u00f3n:<\/strong> 100 ml<br \/>\n\ud83d\udca7 <strong>Concentraci\u00f3n:<\/strong> Eau de Toilette Intense<\/p>\n<p>\ud83c\udf38 <strong>Notas de salida:<\/strong> Pimienta negra, flor de azahar<br \/>\n\ud83d\udc96 <strong>Notas de coraz\u00f3n:<\/strong> \u00c1mbar gris, whisky<br \/>\n\ud83c\udf3f <strong>Notas de fondo:<\/strong> L\u00e1udano, \u00e1mbar c\u00e1lido, sal marina<\/p>\n<p>Un perfume potente y seductor donde las notas saladas se combinan con un \u00e1mbar profundo y un toque licoroso de whisky. Intenso, envolvente y con un magnetismo \u00fanico.<\/p>\n","protected":false},"excerpt":{"rendered":"<p>Seducci\u00f3n oscura: la fuerza del mar con un giro ambarado y adictivo.<\/p>\n","protected":false},"featured_media":3208,"comment_status":"open","ping_status":"closed","template":"","meta":{"_joinchat":[]},"product_brand":[77],"product_cat":[16],"product_tag":[],"class_list":{"0":"post-508","1":"product","2":"type-product","3":"status-publish","4":"has-post-thumbnail","6":"product_brand-paco-rabanne","7":"product_cat-hombre","8":"entry","9":"has-media","11":"first","12":"instock","13":"shipping-taxable","14":"purchasable","15":"product-type-simple","16":"col","17":"span_1_of_3","18":"wvn-content-left","19":"wvn-thumbs-layout-horizontal","20":"wvn-btn-normal","21":"wvn-tabs-layout-horizontal","22":"has-no-thumbnails","23":"circle-sale"},"_links":{"self":[{"href":"https:\/\/elcontainermed.com\/index.php\/wp-json\/wp\/v2\/product\/508","targetHints":{"allow":["GET"]}}],"collection":[{"href":"https:\/\/elcontainermed.com\/index.php\/wp-json\/wp\/v2\/product"}],"about":[{"href":"https:\/\/elcontainermed.com\/index.php\/wp-json\/wp\/v2\/types\/product"}],"replies":[{"embeddable":true,"href":"https:\/\/elcontainermed.com\/index.php\/wp-json\/wp\/v2\/comments?post=508"}],"wp:featuredmedia":[{"embeddable":true,"href":"https:\/\/elcontainermed.com\/index.php\/wp-json\/wp\/v2\/media\/3208"}],"wp:attachment":[{"href":"https:\/\/elcontainermed.com\/index.php\/wp-json\/wp\/v2\/media?parent=508"}],"wp:term":[{"taxonomy":"product_brand","embeddable":true,"href":"https:\/\/elcontainermed.com\/index.php\/wp-json\/wp\/v2\/product_brand?post=508"},{"taxonomy":"product_cat","embeddable":true,"href":"https:\/\/elcontainermed.com\/index.php\/wp-json\/wp\/v2\/product_cat?post=508"},{"taxonomy":"product_tag","embeddable":true,"href":"https:\/\/elcontainermed.com\/index.php\/wp-json\/wp\/v2\/product_tag?post=508"}],"curies":[{"name":"wp","href":"https:\/\/api.w.org\/{rel}","templated":true}]}}