{"id":530,"date":"2025-07-25T11:20:14","date_gmt":"2025-07-25T16:20:14","guid":{"rendered":"http:\/\/localhost\/elcontainer\/?post_type=product&#038;p=530"},"modified":"2025-08-27T20:19:00","modified_gmt":"2025-08-28T01:19:00","slug":"cloud-pink-ariana-grande","status":"publish","type":"product","link":"https:\/\/elcontainermed.com\/index.php\/producto\/cloud-pink-ariana-grande\/","title":{"rendered":"Cloud Pink Ariana Grande"},"content":{"rendered":"<p><strong>Cloud Pink<\/strong><\/p>\n<p>\ud83d\udce6 <strong>Presentaci\u00f3n<\/strong>: 100 ml<\/p>\n<p>\ud83d\udca7 <strong>Concentraci\u00f3n<\/strong>: Eau de Parfum (EDP)<\/p>\n<p>\ud83c\udf38 <strong>Notas de salida:<\/strong> Pi\u00f1a rosa, fruta del drag\u00f3n, bayas rojas<\/p>\n<p>\ud83d\udc96 <strong>Notas de coraz\u00f3n:<\/strong> Orqu\u00eddea de vainilla, agua de coco, almizcle ambreta<\/p>\n<p>\ud83c\udf3f <strong>Notas de fondo:<\/strong> Pralin\u00e9, Amberwood, musgo cristal, almizcle limpio<\/p>\n<p>Fragancia femenina moderna, que abre con una explosi\u00f3n jugosa y tropical; su coraz\u00f3n es cremoso y floral gracias al coco y la vainilla, y culmina en un fondo c\u00e1lido, dulce y amaderado.<\/p>\n","protected":false},"excerpt":{"rendered":"<p>Dulce y luminosa, mezcla frutal tropical y vainilla cremosa con un fondo c\u00e1lido de praline y maderas suaves.<\/p>\n","protected":false},"featured_media":2937,"comment_status":"open","ping_status":"closed","template":"","meta":{"_joinchat":[]},"product_brand":[83],"product_cat":[17],"product_tag":[],"class_list":{"0":"post-530","1":"product","2":"type-product","3":"status-publish","4":"has-post-thumbnail","6":"product_brand-ariana-grande","7":"product_cat-mujer","8":"entry","9":"has-media","11":"first","12":"instock","13":"shipping-taxable","14":"purchasable","15":"product-type-simple","16":"col","17":"span_1_of_3","18":"wvn-content-left","19":"wvn-thumbs-layout-horizontal","20":"wvn-btn-normal","21":"wvn-tabs-layout-horizontal","22":"has-no-thumbnails","23":"circle-sale"},"_links":{"self":[{"href":"https:\/\/elcontainermed.com\/index.php\/wp-json\/wp\/v2\/product\/530","targetHints":{"allow":["GET"]}}],"collection":[{"href":"https:\/\/elcontainermed.com\/index.php\/wp-json\/wp\/v2\/product"}],"about":[{"href":"https:\/\/elcontainermed.com\/index.php\/wp-json\/wp\/v2\/types\/product"}],"replies":[{"embeddable":true,"href":"https:\/\/elcontainermed.com\/index.php\/wp-json\/wp\/v2\/comments?post=530"}],"wp:featuredmedia":[{"embeddable":true,"href":"https:\/\/elcontainermed.com\/index.php\/wp-json\/wp\/v2\/media\/2937"}],"wp:attachment":[{"href":"https:\/\/elcontainermed.com\/index.php\/wp-json\/wp\/v2\/media?parent=530"}],"wp:term":[{"taxonomy":"product_brand","embeddable":true,"href":"https:\/\/elcontainermed.com\/index.php\/wp-json\/wp\/v2\/product_brand?post=530"},{"taxonomy":"product_cat","embeddable":true,"href":"https:\/\/elcontainermed.com\/index.php\/wp-json\/wp\/v2\/product_cat?post=530"},{"taxonomy":"product_tag","embeddable":true,"href":"https:\/\/elcontainermed.com\/index.php\/wp-json\/wp\/v2\/product_tag?post=530"}],"curies":[{"name":"wp","href":"https:\/\/api.w.org\/{rel}","templated":true}]}}