{"id":65,"date":"2025-07-25T11:13:09","date_gmt":"2025-07-25T16:13:09","guid":{"rendered":"http:\/\/localhost\/elcontainer\/?post_type=product&#038;p=65"},"modified":"2025-08-31T16:56:55","modified_gmt":"2025-08-31T21:56:55","slug":"lacoste-blue","status":"publish","type":"product","link":"https:\/\/elcontainermed.com\/index.php\/producto\/lacoste-blue\/","title":{"rendered":"Lacoste Bleu"},"content":{"rendered":"<p><strong>Lacoste Blue \u2013 Eau de Lacoste L.12.12 Bleu<\/strong><\/p>\n<p>\ud83d\udce6 <strong>Presentaci\u00f3n:<\/strong> 100 ml<\/p>\n<p>\ud83d\udca7 <strong>Concentraci\u00f3n:<\/strong> Eau de Toilette<\/p>\n<p>\ud83c\udf38 <strong>Notas de salida:<\/strong> Toronja, menta, pomelo amargo<\/p>\n<p>\ud83d\udc96 <strong>Notas de coraz\u00f3n:<\/strong> Salvia, flor de azahar<\/p>\n<p>\ud83c\udf3f <strong>Notas de fondo:<\/strong> Pachul\u00ed, helecho, musgo de roble<\/p>\n<p>Un perfume fresco y masculino con un inicio c\u00edtrico y mentolado que se combina con un coraz\u00f3n arom\u00e1tico y un fondo verde amaderado. Evoca energ\u00eda, confianza y serenidad, ideal para el uso diario en climas c\u00e1lidos.<\/p>\n","protected":false},"excerpt":{"rendered":"<p>Frescura intensa con el poder revitalizante de la menta y los c\u00edtricos.<\/p>\n","protected":false},"featured_media":95,"comment_status":"open","ping_status":"closed","template":"","meta":{"_joinchat":[]},"product_brand":[98],"product_cat":[16],"product_tag":[],"class_list":{"0":"post-65","1":"product","2":"type-product","3":"status-publish","4":"has-post-thumbnail","6":"product_brand-lacoste","7":"product_cat-hombre","8":"entry","9":"has-media","11":"first","12":"instock","13":"shipping-taxable","14":"purchasable","15":"product-type-simple","16":"col","17":"span_1_of_3","18":"wvn-content-left","19":"wvn-thumbs-layout-horizontal","20":"wvn-btn-normal","21":"wvn-tabs-layout-horizontal","22":"has-no-thumbnails","23":"circle-sale"},"_links":{"self":[{"href":"https:\/\/elcontainermed.com\/index.php\/wp-json\/wp\/v2\/product\/65","targetHints":{"allow":["GET"]}}],"collection":[{"href":"https:\/\/elcontainermed.com\/index.php\/wp-json\/wp\/v2\/product"}],"about":[{"href":"https:\/\/elcontainermed.com\/index.php\/wp-json\/wp\/v2\/types\/product"}],"replies":[{"embeddable":true,"href":"https:\/\/elcontainermed.com\/index.php\/wp-json\/wp\/v2\/comments?post=65"}],"wp:featuredmedia":[{"embeddable":true,"href":"https:\/\/elcontainermed.com\/index.php\/wp-json\/wp\/v2\/media\/95"}],"wp:attachment":[{"href":"https:\/\/elcontainermed.com\/index.php\/wp-json\/wp\/v2\/media?parent=65"}],"wp:term":[{"taxonomy":"product_brand","embeddable":true,"href":"https:\/\/elcontainermed.com\/index.php\/wp-json\/wp\/v2\/product_brand?post=65"},{"taxonomy":"product_cat","embeddable":true,"href":"https:\/\/elcontainermed.com\/index.php\/wp-json\/wp\/v2\/product_cat?post=65"},{"taxonomy":"product_tag","embeddable":true,"href":"https:\/\/elcontainermed.com\/index.php\/wp-json\/wp\/v2\/product_tag?post=65"}],"curies":[{"name":"wp","href":"https:\/\/api.w.org\/{rel}","templated":true}]}}