{"id":73,"date":"2025-07-25T11:13:10","date_gmt":"2025-07-25T16:13:10","guid":{"rendered":"http:\/\/localhost\/elcontainer\/?post_type=product&#038;p=73"},"modified":"2025-08-31T13:18:09","modified_gmt":"2025-08-31T18:18:09","slug":"invictus-legend","status":"publish","type":"product","link":"https:\/\/elcontainermed.com\/index.php\/producto\/invictus-legend\/","title":{"rendered":"Invictus Legend"},"content":{"rendered":"<p><strong>Paco Rabanne \u2013 Invictus Legend<\/strong><\/p>\n<p>\ud83d\udce6 <strong>Presentaci\u00f3n<\/strong>: 100 ml<\/p>\n<p>\ud83d\udca7 <strong>Concentraci\u00f3n<\/strong>: Eau de Parfum \u2013 Amaderado Arom\u00e1tico<\/p>\n<p>\ud83c\udf38 <strong>Notas de salida:<\/strong> Toronja, notas marinas, geranio<\/p>\n<p>\ud83d\udc96 <strong>Notas de coraz\u00f3n:<\/strong> Hoja de laurel, especias, notas arom\u00e1ticas<\/p>\n<p>\ud83c\udf3f <strong>Notas de fondo:<\/strong> \u00c1mbar rojo, madera de guayaco<\/p>\n<p>Un perfume m\u00e1s intenso y profundo que el cl\u00e1sico, donde la frescura marina se combina con especias y maderas c\u00e1lidas, creando un aroma audaz y vibrante con un car\u00e1cter m\u00e1s maduro y persistente.<\/p>\n","protected":false},"excerpt":{"rendered":"<p>Frescura marina con fuerza amaderada: una estela intensa e inolvidable.<\/p>\n","protected":false},"featured_media":101,"comment_status":"open","ping_status":"closed","template":"","meta":{"_joinchat":[]},"product_brand":[77],"product_cat":[16],"product_tag":[],"class_list":{"0":"post-73","1":"product","2":"type-product","3":"status-publish","4":"has-post-thumbnail","6":"product_brand-paco-rabanne","7":"product_cat-hombre","8":"entry","9":"has-media","11":"first","12":"instock","13":"shipping-taxable","14":"purchasable","15":"product-type-simple","16":"col","17":"span_1_of_3","18":"wvn-content-left","19":"wvn-thumbs-layout-horizontal","20":"wvn-btn-normal","21":"wvn-tabs-layout-horizontal","22":"has-no-thumbnails","23":"circle-sale"},"_links":{"self":[{"href":"https:\/\/elcontainermed.com\/index.php\/wp-json\/wp\/v2\/product\/73","targetHints":{"allow":["GET"]}}],"collection":[{"href":"https:\/\/elcontainermed.com\/index.php\/wp-json\/wp\/v2\/product"}],"about":[{"href":"https:\/\/elcontainermed.com\/index.php\/wp-json\/wp\/v2\/types\/product"}],"replies":[{"embeddable":true,"href":"https:\/\/elcontainermed.com\/index.php\/wp-json\/wp\/v2\/comments?post=73"}],"wp:featuredmedia":[{"embeddable":true,"href":"https:\/\/elcontainermed.com\/index.php\/wp-json\/wp\/v2\/media\/101"}],"wp:attachment":[{"href":"https:\/\/elcontainermed.com\/index.php\/wp-json\/wp\/v2\/media?parent=73"}],"wp:term":[{"taxonomy":"product_brand","embeddable":true,"href":"https:\/\/elcontainermed.com\/index.php\/wp-json\/wp\/v2\/product_brand?post=73"},{"taxonomy":"product_cat","embeddable":true,"href":"https:\/\/elcontainermed.com\/index.php\/wp-json\/wp\/v2\/product_cat?post=73"},{"taxonomy":"product_tag","embeddable":true,"href":"https:\/\/elcontainermed.com\/index.php\/wp-json\/wp\/v2\/product_tag?post=73"}],"curies":[{"name":"wp","href":"https:\/\/api.w.org\/{rel}","templated":true}]}}