{"id":75,"date":"2025-07-25T11:13:11","date_gmt":"2025-07-25T16:13:11","guid":{"rendered":"http:\/\/localhost\/elcontainer\/?post_type=product&#038;p=75"},"modified":"2026-03-29T17:46:58","modified_gmt":"2026-03-29T22:46:58","slug":"one-million-prive","status":"publish","type":"product","link":"https:\/\/elcontainermed.com\/index.php\/producto\/one-million-prive\/","title":{"rendered":"1 Million Priv\u00e9"},"content":{"rendered":"<p><strong>One Million Priv\u00e9<\/strong><\/p>\n<p>\ud83d\udce6 <strong>Presentaci\u00f3n<\/strong>: 100 ml<\/p>\n<p>\ud83d\udca7 <strong>Concentraci\u00f3n<\/strong>: Eau de Parfum<\/p>\n<p>\ud83c\udf38 <strong>Notas de salida:<\/strong> Mandarina roja, canela<\/p>\n<p>\ud83d\udc96 <strong>Notas de coraz\u00f3n:<\/strong> Tabaco, mirra<\/p>\n<p>\ud83c\udf3f <strong>Notas de fondo:<\/strong> Pachul\u00ed, haba tonka<\/p>\n<p>Un perfume intenso y sofisticado que equilibra dulzura especiada con un fondo amaderado y oriental. Evoca lujo, misterio y seducci\u00f3n en una versi\u00f3n m\u00e1s madura del ic\u00f3nico 1 Million.<\/p>\n","protected":false},"excerpt":{"rendered":"<p>Una fragancia c\u00e1lida y envolvente, ideal para noches especiales donde el misterio es protagonista.<\/p>\n","protected":false},"featured_media":103,"comment_status":"open","ping_status":"closed","template":"","meta":{"_joinchat":[]},"product_brand":[77],"product_cat":[16],"product_tag":[],"class_list":{"0":"post-75","1":"product","2":"type-product","3":"status-publish","4":"has-post-thumbnail","6":"product_brand-paco-rabanne","7":"product_cat-hombre","8":"entry","9":"has-media","11":"first","12":"instock","13":"shipping-taxable","14":"purchasable","15":"product-type-simple","16":"col","17":"span_1_of_3","18":"wvn-content-left","19":"wvn-thumbs-layout-horizontal","20":"wvn-btn-normal","21":"wvn-tabs-layout-horizontal","22":"has-no-thumbnails","23":"circle-sale"},"_links":{"self":[{"href":"https:\/\/elcontainermed.com\/index.php\/wp-json\/wp\/v2\/product\/75","targetHints":{"allow":["GET"]}}],"collection":[{"href":"https:\/\/elcontainermed.com\/index.php\/wp-json\/wp\/v2\/product"}],"about":[{"href":"https:\/\/elcontainermed.com\/index.php\/wp-json\/wp\/v2\/types\/product"}],"replies":[{"embeddable":true,"href":"https:\/\/elcontainermed.com\/index.php\/wp-json\/wp\/v2\/comments?post=75"}],"wp:featuredmedia":[{"embeddable":true,"href":"https:\/\/elcontainermed.com\/index.php\/wp-json\/wp\/v2\/media\/103"}],"wp:attachment":[{"href":"https:\/\/elcontainermed.com\/index.php\/wp-json\/wp\/v2\/media?parent=75"}],"wp:term":[{"taxonomy":"product_brand","embeddable":true,"href":"https:\/\/elcontainermed.com\/index.php\/wp-json\/wp\/v2\/product_brand?post=75"},{"taxonomy":"product_cat","embeddable":true,"href":"https:\/\/elcontainermed.com\/index.php\/wp-json\/wp\/v2\/product_cat?post=75"},{"taxonomy":"product_tag","embeddable":true,"href":"https:\/\/elcontainermed.com\/index.php\/wp-json\/wp\/v2\/product_tag?post=75"}],"curies":[{"name":"wp","href":"https:\/\/api.w.org\/{rel}","templated":true}]}}