{"id":80,"date":"2025-07-25T11:13:11","date_gmt":"2025-07-25T16:13:11","guid":{"rendered":"http:\/\/localhost\/elcontainer\/?post_type=product&#038;p=80"},"modified":"2025-08-31T12:54:55","modified_gmt":"2025-08-31T17:54:55","slug":"h-boss-just-diferent","status":"publish","type":"product","link":"https:\/\/elcontainermed.com\/index.php\/producto\/h-boss-just-diferent\/","title":{"rendered":"H. Boss Just Different"},"content":{"rendered":"<p><strong>Hugo Boss \u2013 Just Different<\/strong><\/p>\n<p>\ud83d\udce6 Presentaci\u00f3n: 125 ml<\/p>\n<p>\ud83d\udca7 Concentraci\u00f3n: Eau de Toilette<\/p>\n<p>\ud83c\udf38 Notas de salida: Menta helada, manzana verde<\/p>\n<p>\ud83d\udc96 Notas de coraz\u00f3n: Albahaca, fresia, cilantro<\/p>\n<p>\ud83c\udf3f Notas de fondo: Cachemira, pachul\u00ed, incienso, l\u00e1dano<\/p>\n<p>Un aroma vibrante y juvenil que mezcla frescura herbal con un toque especiado y amaderado. Moderno, vers\u00e1til y con energ\u00eda din\u00e1mica, ideal para marcar presencia de manera casual pero segura.<\/p>\n","protected":false},"excerpt":{"rendered":"<p>Una fragancia para el hombre espont\u00e1neo y seguro, que transforma lo cotidiano en algo diferente.<\/p>\n","protected":false},"featured_media":122,"comment_status":"open","ping_status":"closed","template":"","meta":{"_joinchat":[]},"product_brand":[92],"product_cat":[16],"product_tag":[],"class_list":{"0":"post-80","1":"product","2":"type-product","3":"status-publish","4":"has-post-thumbnail","6":"product_brand-hugo-boss","7":"product_cat-hombre","8":"entry","9":"has-media","11":"first","12":"instock","13":"shipping-taxable","14":"purchasable","15":"product-type-simple","16":"col","17":"span_1_of_3","18":"wvn-content-left","19":"wvn-thumbs-layout-horizontal","20":"wvn-btn-normal","21":"wvn-tabs-layout-horizontal","22":"has-no-thumbnails","23":"circle-sale"},"_links":{"self":[{"href":"https:\/\/elcontainermed.com\/index.php\/wp-json\/wp\/v2\/product\/80","targetHints":{"allow":["GET"]}}],"collection":[{"href":"https:\/\/elcontainermed.com\/index.php\/wp-json\/wp\/v2\/product"}],"about":[{"href":"https:\/\/elcontainermed.com\/index.php\/wp-json\/wp\/v2\/types\/product"}],"replies":[{"embeddable":true,"href":"https:\/\/elcontainermed.com\/index.php\/wp-json\/wp\/v2\/comments?post=80"}],"wp:featuredmedia":[{"embeddable":true,"href":"https:\/\/elcontainermed.com\/index.php\/wp-json\/wp\/v2\/media\/122"}],"wp:attachment":[{"href":"https:\/\/elcontainermed.com\/index.php\/wp-json\/wp\/v2\/media?parent=80"}],"wp:term":[{"taxonomy":"product_brand","embeddable":true,"href":"https:\/\/elcontainermed.com\/index.php\/wp-json\/wp\/v2\/product_brand?post=80"},{"taxonomy":"product_cat","embeddable":true,"href":"https:\/\/elcontainermed.com\/index.php\/wp-json\/wp\/v2\/product_cat?post=80"},{"taxonomy":"product_tag","embeddable":true,"href":"https:\/\/elcontainermed.com\/index.php\/wp-json\/wp\/v2\/product_tag?post=80"}],"curies":[{"name":"wp","href":"https:\/\/api.w.org\/{rel}","templated":true}]}}