{"id":86,"date":"2025-07-25T11:13:12","date_gmt":"2025-07-25T16:13:12","guid":{"rendered":"http:\/\/localhost\/elcontainer\/?post_type=product&#038;p=86"},"modified":"2025-08-31T12:11:13","modified_gmt":"2025-08-31T17:11:13","slug":"h-boss-the-scent","status":"publish","type":"product","link":"https:\/\/elcontainermed.com\/index.php\/producto\/h-boss-the-scent\/","title":{"rendered":"H. Boss the Scent"},"content":{"rendered":"<p><strong>Hugo Boss The Scent Men<\/strong><\/p>\n<p>\ud83d\udce6 <strong>Presentaci\u00f3n<\/strong>: 100 ml<\/p>\n<p>\ud83d\udca7 <strong>Concentraci\u00f3n<\/strong>: Eau de Toilette<\/p>\n<p>\ud83c\udf38 <strong>Notas de salida:<\/strong> Jengibre, mandarina, bergamota<\/p>\n<p>\ud83d\udc96 <strong>Notas de coraz\u00f3n:<\/strong> Maninka, lavanda<\/p>\n<p>\ud83c\udf3f <strong>Notas de fondo:<\/strong> Cuero, notas amaderadas<\/p>\n<p>Fragancia magn\u00e9tica con un inicio fresco y especiado que se funde en un coraz\u00f3n ex\u00f3tico y termina en un fondo c\u00e1lido y masculino. Dise\u00f1ada para seducir con elegancia.<\/p>\n","protected":false},"excerpt":{"rendered":"<p>Un aroma intenso que combina fuerza, calidez y atracci\u00f3n irresistible.<\/p>\n","protected":false},"featured_media":127,"comment_status":"open","ping_status":"closed","template":"","meta":{"_joinchat":[]},"product_brand":[92],"product_cat":[16],"product_tag":[],"class_list":{"0":"post-86","1":"product","2":"type-product","3":"status-publish","4":"has-post-thumbnail","6":"product_brand-hugo-boss","7":"product_cat-hombre","8":"entry","9":"has-media","11":"first","12":"instock","13":"shipping-taxable","14":"purchasable","15":"product-type-simple","16":"col","17":"span_1_of_3","18":"wvn-content-left","19":"wvn-thumbs-layout-horizontal","20":"wvn-btn-normal","21":"wvn-tabs-layout-horizontal","22":"has-no-thumbnails","23":"circle-sale"},"_links":{"self":[{"href":"https:\/\/elcontainermed.com\/index.php\/wp-json\/wp\/v2\/product\/86","targetHints":{"allow":["GET"]}}],"collection":[{"href":"https:\/\/elcontainermed.com\/index.php\/wp-json\/wp\/v2\/product"}],"about":[{"href":"https:\/\/elcontainermed.com\/index.php\/wp-json\/wp\/v2\/types\/product"}],"replies":[{"embeddable":true,"href":"https:\/\/elcontainermed.com\/index.php\/wp-json\/wp\/v2\/comments?post=86"}],"wp:featuredmedia":[{"embeddable":true,"href":"https:\/\/elcontainermed.com\/index.php\/wp-json\/wp\/v2\/media\/127"}],"wp:attachment":[{"href":"https:\/\/elcontainermed.com\/index.php\/wp-json\/wp\/v2\/media?parent=86"}],"wp:term":[{"taxonomy":"product_brand","embeddable":true,"href":"https:\/\/elcontainermed.com\/index.php\/wp-json\/wp\/v2\/product_brand?post=86"},{"taxonomy":"product_cat","embeddable":true,"href":"https:\/\/elcontainermed.com\/index.php\/wp-json\/wp\/v2\/product_cat?post=86"},{"taxonomy":"product_tag","embeddable":true,"href":"https:\/\/elcontainermed.com\/index.php\/wp-json\/wp\/v2\/product_tag?post=86"}],"curies":[{"name":"wp","href":"https:\/\/api.w.org\/{rel}","templated":true}]}}